{"id":2252,"date":"2015-12-11T20:27:59","date_gmt":"2015-12-11T19:27:59","guid":{"rendered":"http:\/\/staging.preslmayr.legal\/persoenlich-martin-preslmayr\/"},"modified":"2023-03-22T20:16:37","modified_gmt":"2023-03-22T19:16:37","slug":"legally-personal","status":"publish","type":"page","link":"http:\/\/staging.preslmayr.legal\/en\/legally-personal\/","title":{"rendered":"Legally personal"},"content":{"rendered":"<p>Um zu verstehen, muss man gut zuh\u00f6ren. Das geht nur pers\u00f6nlich.<br \/>\nZu agieren, braucht es Mut und juristische Finesse. Das haben wir \u00fcber Jahrzehnte einstudiert.<\/p>\n<p>Bedenken bei rechtlichen Problemstellungen hat nichts mit Gr\u00f6\u00dfe zu tun. <span style=\"color: #ff0023;\">Unser Ziel ist es, jeden Klienten in eine angstfreie Zone zu f\u00fchren.<\/span> Wir begleiten Sie, erkl\u00e4ren unverst\u00e4ndliche Formulierungen und stehen auch pers\u00f6nlich am Handy au\u00dferhalb unserer Office-Zeiten zu Ihrer Verf\u00fcgung.<\/p>\n","protected":false},"excerpt":{"rendered":"<p>Um zu verstehen, muss man gut zuh\u00f6ren. Das geht nur pers\u00f6nlich. Zu agieren, braucht es Mut und juristische Finesse. Das haben wir \u00fcber Jahrzehnte einstudiert. Bedenken bei rechtlichen Problemstellungen hat nichts mit Gr\u00f6\u00dfe zu tun. Unser Ziel ist es, jeden Klienten in eine angstfreie Zone zu f\u00fchren. Wir begleiten Sie, erkl\u00e4ren unverst\u00e4ndliche Formulierungen und stehen [&hellip;]<\/p>\n","protected":false},"author":1,"featured_media":0,"parent":0,"menu_order":0,"comment_status":"closed","ping_status":"closed","template":"","meta":{"_acf_changed":false,"footnotes":""},"class_list":["post-2252","page","type-page","status-publish","hentry"],"acf":[],"yoast_head":"<!-- This site is optimized with the Yoast SEO plugin v23.4 - https:\/\/yoast.com\/wordpress\/plugins\/seo\/ -->\n<title>Legally personal | preslmayr.legal | Attorney Dr. Martin Preslmayr<\/title>\n<meta name=\"description\" content=\"Um zu verstehen, muss man gut zuh\u00f6ren. Das geht nur pers\u00f6nlich. Unser Ziel ist es, jeden Klienten in eine angstfreie Zone zu f\u00fchren. Wir begleiten Sie.\" \/>\n<meta name=\"robots\" content=\"noindex, follow, max-snippet:-1, max-image-preview:large, max-video-preview:-1\" \/>\n<meta property=\"og:locale\" content=\"en_US\" \/>\n<meta property=\"og:type\" content=\"article\" \/>\n<meta property=\"og:title\" content=\"Legally personal | preslmayr.legal | Attorney Dr. Martin Preslmayr\" \/>\n<meta property=\"og:description\" content=\"Um zu verstehen, muss man gut zuh\u00f6ren. Das geht nur pers\u00f6nlich. Unser Ziel ist es, jeden Klienten in eine angstfreie Zone zu f\u00fchren. Wir begleiten Sie.\" \/>\n<meta property=\"og:url\" content=\"http:\/\/staging.preslmayr.legal\/en\/legally-personal\/\" \/>\n<meta property=\"og:site_name\" content=\"preslmayr.legal | Attorney Dr. Martin Preslmayr\" \/>\n<meta property=\"article:publisher\" content=\"https:\/\/www.facebook.com\/preslmayr.legal\" \/>\n<meta property=\"article:modified_time\" content=\"2023-03-22T19:16:37+00:00\" \/>\n<meta name=\"twitter:card\" content=\"summary_large_image\" \/>\n<meta name=\"twitter:site\" content=\"@Preslmayrlegal\" \/>\n<meta name=\"twitter:label1\" content=\"Est. reading time\" \/>\n\t<meta name=\"twitter:data1\" content=\"1 minute\" \/>\n<script type=\"application\/ld+json\" class=\"yoast-schema-graph\">{\"@context\":\"https:\/\/schema.org\",\"@graph\":[{\"@type\":\"WebPage\",\"@id\":\"http:\/\/staging.preslmayr.legal\/en\/legally-personal\/\",\"url\":\"http:\/\/staging.preslmayr.legal\/en\/legally-personal\/\",\"name\":\"Legally personal | preslmayr.legal | Attorney Dr. Martin Preslmayr\",\"isPartOf\":{\"@id\":\"http:\/\/staging.preslmayr.legal\/en\/#website\"},\"datePublished\":\"2015-12-11T19:27:59+00:00\",\"dateModified\":\"2023-03-22T19:16:37+00:00\",\"description\":\"Um zu verstehen, muss man gut zuh\u00f6ren. Das geht nur pers\u00f6nlich. Unser Ziel ist es, jeden Klienten in eine angstfreie Zone zu f\u00fchren. Wir begleiten Sie.\",\"breadcrumb\":{\"@id\":\"http:\/\/staging.preslmayr.legal\/en\/legally-personal\/#breadcrumb\"},\"inLanguage\":\"en-US\",\"potentialAction\":[{\"@type\":\"ReadAction\",\"target\":[\"http:\/\/staging.preslmayr.legal\/en\/legally-personal\/\"]}]},{\"@type\":\"BreadcrumbList\",\"@id\":\"http:\/\/staging.preslmayr.legal\/en\/legally-personal\/#breadcrumb\",\"itemListElement\":[{\"@type\":\"ListItem\",\"position\":1,\"name\":\"Home\",\"item\":\"http:\/\/staging.preslmayr.legal\/en\/\"},{\"@type\":\"ListItem\",\"position\":2,\"name\":\"Legally personal\"}]},{\"@type\":\"WebSite\",\"@id\":\"http:\/\/staging.preslmayr.legal\/en\/#website\",\"url\":\"http:\/\/staging.preslmayr.legal\/en\/\",\"name\":\"preslmayr.legal | Attorney Dr. Martin Preslmayr\",\"description\":\"Den echten Preslmayr finden Sie ab sofort in der preslmayr.legal Rechtsanw\u00e4lte GmbH.\",\"publisher\":{\"@id\":\"http:\/\/staging.preslmayr.legal\/en\/#organization\"},\"potentialAction\":[{\"@type\":\"SearchAction\",\"target\":{\"@type\":\"EntryPoint\",\"urlTemplate\":\"http:\/\/staging.preslmayr.legal\/en\/?s={search_term_string}\"},\"query-input\":{\"@type\":\"PropertyValueSpecification\",\"valueRequired\":true,\"valueName\":\"search_term_string\"}}],\"inLanguage\":\"en-US\"},{\"@type\":\"Organization\",\"@id\":\"http:\/\/staging.preslmayr.legal\/en\/#organization\",\"name\":\"preslmayr.legal | Attorney Dr. Martin Preslmayr\",\"url\":\"http:\/\/staging.preslmayr.legal\/en\/\",\"logo\":{\"@type\":\"ImageObject\",\"inLanguage\":\"en-US\",\"@id\":\"http:\/\/staging.preslmayr.legal\/en\/#\/schema\/logo\/image\/\",\"url\":\"http:\/\/staging.preslmayr.legal\/wp-content\/uploads\/ec7bcdbd.address-preslmayr.png\",\"contentUrl\":\"http:\/\/staging.preslmayr.legal\/wp-content\/uploads\/ec7bcdbd.address-preslmayr.png\",\"width\":303,\"height\":33,\"caption\":\"preslmayr.legal | Attorney Dr. Martin Preslmayr\"},\"image\":{\"@id\":\"http:\/\/staging.preslmayr.legal\/en\/#\/schema\/logo\/image\/\"},\"sameAs\":[\"https:\/\/www.facebook.com\/preslmayr.legal\",\"https:\/\/x.com\/Preslmayrlegal\",\"https:\/\/www.linkedin.com\/in\/dr-martin-preslmayr-ll-m-a584a1b\/\",\"https:\/\/www.xing.com\/profile\/Martin_PreslmayrLLM\",\"https:\/\/www.instagram.com\/preslmayr.legal\/\",\"https:\/\/www.youtube.com\/channel\/UCGAQkXxsy7eY_FXSOtapzgg\"]}]}<\/script>\n<!-- \/ Yoast SEO plugin. -->","yoast_head_json":{"title":"Legally personal | preslmayr.legal | Attorney Dr. Martin Preslmayr","description":"Um zu verstehen, muss man gut zuh\u00f6ren. Das geht nur pers\u00f6nlich. Unser Ziel ist es, jeden Klienten in eine angstfreie Zone zu f\u00fchren. Wir begleiten Sie.","robots":{"index":"noindex","follow":"follow","max-snippet":"max-snippet:-1","max-image-preview":"max-image-preview:large","max-video-preview":"max-video-preview:-1"},"og_locale":"en_US","og_type":"article","og_title":"Legally personal | preslmayr.legal | Attorney Dr. Martin Preslmayr","og_description":"Um zu verstehen, muss man gut zuh\u00f6ren. Das geht nur pers\u00f6nlich. Unser Ziel ist es, jeden Klienten in eine angstfreie Zone zu f\u00fchren. Wir begleiten Sie.","og_url":"http:\/\/staging.preslmayr.legal\/en\/legally-personal\/","og_site_name":"preslmayr.legal | Attorney Dr. Martin Preslmayr","article_publisher":"https:\/\/www.facebook.com\/preslmayr.legal","article_modified_time":"2023-03-22T19:16:37+00:00","twitter_card":"summary_large_image","twitter_site":"@Preslmayrlegal","twitter_misc":{"Est. reading time":"1 minute"},"schema":{"@context":"https:\/\/schema.org","@graph":[{"@type":"WebPage","@id":"http:\/\/staging.preslmayr.legal\/en\/legally-personal\/","url":"http:\/\/staging.preslmayr.legal\/en\/legally-personal\/","name":"Legally personal | preslmayr.legal | Attorney Dr. Martin Preslmayr","isPartOf":{"@id":"http:\/\/staging.preslmayr.legal\/en\/#website"},"datePublished":"2015-12-11T19:27:59+00:00","dateModified":"2023-03-22T19:16:37+00:00","description":"Um zu verstehen, muss man gut zuh\u00f6ren. Das geht nur pers\u00f6nlich. Unser Ziel ist es, jeden Klienten in eine angstfreie Zone zu f\u00fchren. Wir begleiten Sie.","breadcrumb":{"@id":"http:\/\/staging.preslmayr.legal\/en\/legally-personal\/#breadcrumb"},"inLanguage":"en-US","potentialAction":[{"@type":"ReadAction","target":["http:\/\/staging.preslmayr.legal\/en\/legally-personal\/"]}]},{"@type":"BreadcrumbList","@id":"http:\/\/staging.preslmayr.legal\/en\/legally-personal\/#breadcrumb","itemListElement":[{"@type":"ListItem","position":1,"name":"Home","item":"http:\/\/staging.preslmayr.legal\/en\/"},{"@type":"ListItem","position":2,"name":"Legally personal"}]},{"@type":"WebSite","@id":"http:\/\/staging.preslmayr.legal\/en\/#website","url":"http:\/\/staging.preslmayr.legal\/en\/","name":"preslmayr.legal | Attorney Dr. Martin Preslmayr","description":"Den echten Preslmayr finden Sie ab sofort in der preslmayr.legal Rechtsanw\u00e4lte GmbH.","publisher":{"@id":"http:\/\/staging.preslmayr.legal\/en\/#organization"},"potentialAction":[{"@type":"SearchAction","target":{"@type":"EntryPoint","urlTemplate":"http:\/\/staging.preslmayr.legal\/en\/?s={search_term_string}"},"query-input":{"@type":"PropertyValueSpecification","valueRequired":true,"valueName":"search_term_string"}}],"inLanguage":"en-US"},{"@type":"Organization","@id":"http:\/\/staging.preslmayr.legal\/en\/#organization","name":"preslmayr.legal | Attorney Dr. Martin Preslmayr","url":"http:\/\/staging.preslmayr.legal\/en\/","logo":{"@type":"ImageObject","inLanguage":"en-US","@id":"http:\/\/staging.preslmayr.legal\/en\/#\/schema\/logo\/image\/","url":"http:\/\/staging.preslmayr.legal\/wp-content\/uploads\/ec7bcdbd.address-preslmayr.png","contentUrl":"http:\/\/staging.preslmayr.legal\/wp-content\/uploads\/ec7bcdbd.address-preslmayr.png","width":303,"height":33,"caption":"preslmayr.legal | Attorney Dr. Martin Preslmayr"},"image":{"@id":"http:\/\/staging.preslmayr.legal\/en\/#\/schema\/logo\/image\/"},"sameAs":["https:\/\/www.facebook.com\/preslmayr.legal","https:\/\/x.com\/Preslmayrlegal","https:\/\/www.linkedin.com\/in\/dr-martin-preslmayr-ll-m-a584a1b\/","https:\/\/www.xing.com\/profile\/Martin_PreslmayrLLM","https:\/\/www.instagram.com\/preslmayr.legal\/","https:\/\/www.youtube.com\/channel\/UCGAQkXxsy7eY_FXSOtapzgg"]}]}},"_links":{"self":[{"href":"http:\/\/staging.preslmayr.legal\/en\/wp-json\/wp\/v2\/pages\/2252"}],"collection":[{"href":"http:\/\/staging.preslmayr.legal\/en\/wp-json\/wp\/v2\/pages"}],"about":[{"href":"http:\/\/staging.preslmayr.legal\/en\/wp-json\/wp\/v2\/types\/page"}],"author":[{"embeddable":true,"href":"http:\/\/staging.preslmayr.legal\/en\/wp-json\/wp\/v2\/users\/1"}],"replies":[{"embeddable":true,"href":"http:\/\/staging.preslmayr.legal\/en\/wp-json\/wp\/v2\/comments?post=2252"}],"version-history":[{"count":1,"href":"http:\/\/staging.preslmayr.legal\/en\/wp-json\/wp\/v2\/pages\/2252\/revisions"}],"predecessor-version":[{"id":2254,"href":"http:\/\/staging.preslmayr.legal\/en\/wp-json\/wp\/v2\/pages\/2252\/revisions\/2254"}],"wp:attachment":[{"href":"http:\/\/staging.preslmayr.legal\/en\/wp-json\/wp\/v2\/media?parent=2252"}],"curies":[{"name":"wp","href":"https:\/\/api.w.org\/{rel}","templated":true}]}}