{"id":2256,"date":"2015-12-11T20:28:18","date_gmt":"2015-12-11T19:28:18","guid":{"rendered":"http:\/\/staging.preslmayr.legal\/transparent-martin-preslmayr\/"},"modified":"2023-03-22T20:16:42","modified_gmt":"2023-03-22T19:16:42","slug":"legally-straight-talking","status":"publish","type":"page","link":"http:\/\/staging.preslmayr.legal\/en\/legally-straight-talking\/","title":{"rendered":"Legally straight-talking"},"content":{"rendered":"<p>Warum sollte der Klient mehr bezahlen, nur weil der Anwalt l\u00e4nger braucht?<\/p>\n<p>Bei einem Erstgespr\u00e4ch setzen wir uns im Team zusammen und erarbeiten Timing, Kostensch\u00e4tzung und Arbeitsumfang. Wir sind nicht g\u00fcnstiger, aber transparent in allen Bereichen. <span style=\"color: #ff0023;\">Unsere Mandanten sollen zu jedem Zeitpunkt wissen, was auf sie zukommt und warum.<\/span><\/p>\n","protected":false},"excerpt":{"rendered":"<p>Warum sollte der Klient mehr bezahlen, nur weil der Anwalt l\u00e4nger braucht? Bei einem Erstgespr\u00e4ch setzen wir uns im Team zusammen und erarbeiten Timing, Kostensch\u00e4tzung und Arbeitsumfang. Wir sind nicht g\u00fcnstiger, aber transparent in allen Bereichen. Unsere Mandanten sollen zu jedem Zeitpunkt wissen, was auf sie zukommt und warum.<\/p>\n","protected":false},"author":1,"featured_media":0,"parent":0,"menu_order":0,"comment_status":"closed","ping_status":"closed","template":"","meta":{"_acf_changed":false,"footnotes":""},"class_list":["post-2256","page","type-page","status-publish","hentry"],"acf":[],"yoast_head":"<!-- This site is optimized with the Yoast SEO plugin v23.4 - https:\/\/yoast.com\/wordpress\/plugins\/seo\/ -->\n<title>Legally straight-talking | preslmayr.legal | Attorney Dr. Martin Preslmayr<\/title>\n<meta name=\"description\" content=\"Unsere Mandanten sollen zu jedem Zeitpunkt wissen, was auf sie zukommt und warum.\" \/>\n<meta name=\"robots\" content=\"noindex, follow, max-snippet:-1, max-image-preview:large, max-video-preview:-1\" \/>\n<meta property=\"og:locale\" content=\"en_US\" \/>\n<meta property=\"og:type\" content=\"article\" \/>\n<meta property=\"og:title\" content=\"Legally straight-talking | preslmayr.legal | Attorney Dr. Martin Preslmayr\" \/>\n<meta property=\"og:description\" content=\"Unsere Mandanten sollen zu jedem Zeitpunkt wissen, was auf sie zukommt und warum.\" \/>\n<meta property=\"og:url\" content=\"http:\/\/staging.preslmayr.legal\/en\/legally-straight-talking\/\" \/>\n<meta property=\"og:site_name\" content=\"preslmayr.legal | Attorney Dr. Martin Preslmayr\" \/>\n<meta property=\"article:publisher\" content=\"https:\/\/www.facebook.com\/preslmayr.legal\" \/>\n<meta property=\"article:modified_time\" content=\"2023-03-22T19:16:42+00:00\" \/>\n<meta name=\"twitter:card\" content=\"summary_large_image\" \/>\n<meta name=\"twitter:site\" content=\"@Preslmayrlegal\" \/>\n<meta name=\"twitter:label1\" content=\"Est. reading time\" \/>\n\t<meta name=\"twitter:data1\" content=\"1 minute\" \/>\n<script type=\"application\/ld+json\" class=\"yoast-schema-graph\">{\"@context\":\"https:\/\/schema.org\",\"@graph\":[{\"@type\":\"WebPage\",\"@id\":\"http:\/\/staging.preslmayr.legal\/en\/legally-straight-talking\/\",\"url\":\"http:\/\/staging.preslmayr.legal\/en\/legally-straight-talking\/\",\"name\":\"Legally straight-talking | preslmayr.legal | Attorney Dr. Martin Preslmayr\",\"isPartOf\":{\"@id\":\"http:\/\/staging.preslmayr.legal\/en\/#website\"},\"datePublished\":\"2015-12-11T19:28:18+00:00\",\"dateModified\":\"2023-03-22T19:16:42+00:00\",\"description\":\"Unsere Mandanten sollen zu jedem Zeitpunkt wissen, was auf sie zukommt und warum.\",\"breadcrumb\":{\"@id\":\"http:\/\/staging.preslmayr.legal\/en\/legally-straight-talking\/#breadcrumb\"},\"inLanguage\":\"en-US\",\"potentialAction\":[{\"@type\":\"ReadAction\",\"target\":[\"http:\/\/staging.preslmayr.legal\/en\/legally-straight-talking\/\"]}]},{\"@type\":\"BreadcrumbList\",\"@id\":\"http:\/\/staging.preslmayr.legal\/en\/legally-straight-talking\/#breadcrumb\",\"itemListElement\":[{\"@type\":\"ListItem\",\"position\":1,\"name\":\"Home\",\"item\":\"http:\/\/staging.preslmayr.legal\/en\/\"},{\"@type\":\"ListItem\",\"position\":2,\"name\":\"Legally straight-talking\"}]},{\"@type\":\"WebSite\",\"@id\":\"http:\/\/staging.preslmayr.legal\/en\/#website\",\"url\":\"http:\/\/staging.preslmayr.legal\/en\/\",\"name\":\"preslmayr.legal | Attorney Dr. Martin Preslmayr\",\"description\":\"Den echten Preslmayr finden Sie ab sofort in der preslmayr.legal Rechtsanw\u00e4lte GmbH.\",\"publisher\":{\"@id\":\"http:\/\/staging.preslmayr.legal\/en\/#organization\"},\"potentialAction\":[{\"@type\":\"SearchAction\",\"target\":{\"@type\":\"EntryPoint\",\"urlTemplate\":\"http:\/\/staging.preslmayr.legal\/en\/?s={search_term_string}\"},\"query-input\":{\"@type\":\"PropertyValueSpecification\",\"valueRequired\":true,\"valueName\":\"search_term_string\"}}],\"inLanguage\":\"en-US\"},{\"@type\":\"Organization\",\"@id\":\"http:\/\/staging.preslmayr.legal\/en\/#organization\",\"name\":\"preslmayr.legal | Attorney Dr. Martin Preslmayr\",\"url\":\"http:\/\/staging.preslmayr.legal\/en\/\",\"logo\":{\"@type\":\"ImageObject\",\"inLanguage\":\"en-US\",\"@id\":\"http:\/\/staging.preslmayr.legal\/en\/#\/schema\/logo\/image\/\",\"url\":\"http:\/\/staging.preslmayr.legal\/wp-content\/uploads\/ec7bcdbd.address-preslmayr.png\",\"contentUrl\":\"http:\/\/staging.preslmayr.legal\/wp-content\/uploads\/ec7bcdbd.address-preslmayr.png\",\"width\":303,\"height\":33,\"caption\":\"preslmayr.legal | Attorney Dr. Martin Preslmayr\"},\"image\":{\"@id\":\"http:\/\/staging.preslmayr.legal\/en\/#\/schema\/logo\/image\/\"},\"sameAs\":[\"https:\/\/www.facebook.com\/preslmayr.legal\",\"https:\/\/x.com\/Preslmayrlegal\",\"https:\/\/www.linkedin.com\/in\/dr-martin-preslmayr-ll-m-a584a1b\/\",\"https:\/\/www.xing.com\/profile\/Martin_PreslmayrLLM\",\"https:\/\/www.instagram.com\/preslmayr.legal\/\",\"https:\/\/www.youtube.com\/channel\/UCGAQkXxsy7eY_FXSOtapzgg\"]}]}<\/script>\n<!-- \/ Yoast SEO plugin. -->","yoast_head_json":{"title":"Legally straight-talking | preslmayr.legal | Attorney Dr. Martin Preslmayr","description":"Unsere Mandanten sollen zu jedem Zeitpunkt wissen, was auf sie zukommt und warum.","robots":{"index":"noindex","follow":"follow","max-snippet":"max-snippet:-1","max-image-preview":"max-image-preview:large","max-video-preview":"max-video-preview:-1"},"og_locale":"en_US","og_type":"article","og_title":"Legally straight-talking | preslmayr.legal | Attorney Dr. Martin Preslmayr","og_description":"Unsere Mandanten sollen zu jedem Zeitpunkt wissen, was auf sie zukommt und warum.","og_url":"http:\/\/staging.preslmayr.legal\/en\/legally-straight-talking\/","og_site_name":"preslmayr.legal | Attorney Dr. Martin Preslmayr","article_publisher":"https:\/\/www.facebook.com\/preslmayr.legal","article_modified_time":"2023-03-22T19:16:42+00:00","twitter_card":"summary_large_image","twitter_site":"@Preslmayrlegal","twitter_misc":{"Est. reading time":"1 minute"},"schema":{"@context":"https:\/\/schema.org","@graph":[{"@type":"WebPage","@id":"http:\/\/staging.preslmayr.legal\/en\/legally-straight-talking\/","url":"http:\/\/staging.preslmayr.legal\/en\/legally-straight-talking\/","name":"Legally straight-talking | preslmayr.legal | Attorney Dr. Martin Preslmayr","isPartOf":{"@id":"http:\/\/staging.preslmayr.legal\/en\/#website"},"datePublished":"2015-12-11T19:28:18+00:00","dateModified":"2023-03-22T19:16:42+00:00","description":"Unsere Mandanten sollen zu jedem Zeitpunkt wissen, was auf sie zukommt und warum.","breadcrumb":{"@id":"http:\/\/staging.preslmayr.legal\/en\/legally-straight-talking\/#breadcrumb"},"inLanguage":"en-US","potentialAction":[{"@type":"ReadAction","target":["http:\/\/staging.preslmayr.legal\/en\/legally-straight-talking\/"]}]},{"@type":"BreadcrumbList","@id":"http:\/\/staging.preslmayr.legal\/en\/legally-straight-talking\/#breadcrumb","itemListElement":[{"@type":"ListItem","position":1,"name":"Home","item":"http:\/\/staging.preslmayr.legal\/en\/"},{"@type":"ListItem","position":2,"name":"Legally straight-talking"}]},{"@type":"WebSite","@id":"http:\/\/staging.preslmayr.legal\/en\/#website","url":"http:\/\/staging.preslmayr.legal\/en\/","name":"preslmayr.legal | Attorney Dr. Martin Preslmayr","description":"Den echten Preslmayr finden Sie ab sofort in der preslmayr.legal Rechtsanw\u00e4lte GmbH.","publisher":{"@id":"http:\/\/staging.preslmayr.legal\/en\/#organization"},"potentialAction":[{"@type":"SearchAction","target":{"@type":"EntryPoint","urlTemplate":"http:\/\/staging.preslmayr.legal\/en\/?s={search_term_string}"},"query-input":{"@type":"PropertyValueSpecification","valueRequired":true,"valueName":"search_term_string"}}],"inLanguage":"en-US"},{"@type":"Organization","@id":"http:\/\/staging.preslmayr.legal\/en\/#organization","name":"preslmayr.legal | Attorney Dr. Martin Preslmayr","url":"http:\/\/staging.preslmayr.legal\/en\/","logo":{"@type":"ImageObject","inLanguage":"en-US","@id":"http:\/\/staging.preslmayr.legal\/en\/#\/schema\/logo\/image\/","url":"http:\/\/staging.preslmayr.legal\/wp-content\/uploads\/ec7bcdbd.address-preslmayr.png","contentUrl":"http:\/\/staging.preslmayr.legal\/wp-content\/uploads\/ec7bcdbd.address-preslmayr.png","width":303,"height":33,"caption":"preslmayr.legal | Attorney Dr. Martin Preslmayr"},"image":{"@id":"http:\/\/staging.preslmayr.legal\/en\/#\/schema\/logo\/image\/"},"sameAs":["https:\/\/www.facebook.com\/preslmayr.legal","https:\/\/x.com\/Preslmayrlegal","https:\/\/www.linkedin.com\/in\/dr-martin-preslmayr-ll-m-a584a1b\/","https:\/\/www.xing.com\/profile\/Martin_PreslmayrLLM","https:\/\/www.instagram.com\/preslmayr.legal\/","https:\/\/www.youtube.com\/channel\/UCGAQkXxsy7eY_FXSOtapzgg"]}]}},"_links":{"self":[{"href":"http:\/\/staging.preslmayr.legal\/en\/wp-json\/wp\/v2\/pages\/2256"}],"collection":[{"href":"http:\/\/staging.preslmayr.legal\/en\/wp-json\/wp\/v2\/pages"}],"about":[{"href":"http:\/\/staging.preslmayr.legal\/en\/wp-json\/wp\/v2\/types\/page"}],"author":[{"embeddable":true,"href":"http:\/\/staging.preslmayr.legal\/en\/wp-json\/wp\/v2\/users\/1"}],"replies":[{"embeddable":true,"href":"http:\/\/staging.preslmayr.legal\/en\/wp-json\/wp\/v2\/comments?post=2256"}],"version-history":[{"count":1,"href":"http:\/\/staging.preslmayr.legal\/en\/wp-json\/wp\/v2\/pages\/2256\/revisions"}],"predecessor-version":[{"id":2258,"href":"http:\/\/staging.preslmayr.legal\/en\/wp-json\/wp\/v2\/pages\/2256\/revisions\/2258"}],"wp:attachment":[{"href":"http:\/\/staging.preslmayr.legal\/en\/wp-json\/wp\/v2\/media?parent=2256"}],"curies":[{"name":"wp","href":"https:\/\/api.w.org\/{rel}","templated":true}]}}