{"id":2263,"date":"2018-01-27T12:42:57","date_gmt":"2018-01-27T11:42:57","guid":{"rendered":"http:\/\/staging.preslmayr.legal\/weltweit\/"},"modified":"2024-01-03T11:16:01","modified_gmt":"2024-01-03T10:16:01","slug":"weltweit","status":"publish","type":"page","link":"http:\/\/staging.preslmayr.legal\/en\/weltweit\/","title":{"rendered":"Network"},"content":{"rendered":"<p><span style=\"color: #ff0000;\"><strong><a style=\"color: #ff0000;\" href=\"https:\/\/lawpact.org\">LawPact<\/a><\/strong> <\/span>und <span style=\"color: #ff0000;\"><strong><a style=\"color: #ff0000;\" href=\"https:\/\/www.altajuris.com\/\">ALTA JURIS<\/a><\/strong><\/span> sind internationale Zusammenschl\u00fcsse und weltweit t\u00e4tige\u00a0<strong>Netzwerke von unabh\u00e4ngigen renommierten Anwaltskanzleien,<\/strong> die f\u00fcr ihre exzellente Qualit\u00e4t und Integrit\u00e4t bekannt sind. Diese <strong>enge internationale Vernetzung<\/strong> erm\u00f6glicht es uns, die internationalen T\u00e4tigkeiten der Mandanten weltweit rasch und effizient und auf h\u00f6chstem Niveau erfolgreich anwaltlich zu begleiten. Als Mitglied von <a href=\"https:\/\/www.lawpact.org\"><strong><span style=\"color: #ff0000;\">LawPact<\/span><\/strong><\/a> und <strong><span style=\"color: #ff0000;\"><a style=\"color: #ff0000;\" href=\"ttps:\/\/www.altajuris.com\/\">ALTA JURIS<\/a><\/span><\/strong> sind wir daher bestens in der Lage, unsere Mandanten <strong>ohne Zeitverlust<\/strong> exzellent und effizient weltweit zu beraten und zu vertreten.<\/p>\n<p style=\"text-align: center;\"><strong><a class=\"p_red\" href=\"tel:+4313431111\">Rufen Sie uns an<\/a><\/strong><\/p>\n<p>[netzwerk url1=&#8221;https:\/\/lawpact.org\/&#8221; url2=&#8221;ttps:\/\/www.altajuris.com\/&#8221;]<\/p>\n","protected":false},"excerpt":{"rendered":"<p>LawPact und ALTA JURIS sind internationale Zusammenschl\u00fcsse und weltweit t\u00e4tige\u00a0Netzwerke von unabh\u00e4ngigen renommierten Anwaltskanzleien, die f\u00fcr ihre exzellente Qualit\u00e4t und Integrit\u00e4t bekannt sind. Diese enge internationale Vernetzung erm\u00f6glicht es uns, die internationalen T\u00e4tigkeiten der Mandanten weltweit rasch und effizient und auf h\u00f6chstem Niveau erfolgreich anwaltlich zu begleiten. Als Mitglied von LawPact und ALTA JURIS sind [&hellip;]<\/p>\n","protected":false},"author":1,"featured_media":0,"parent":0,"menu_order":0,"comment_status":"closed","ping_status":"closed","template":"","meta":{"_acf_changed":false,"footnotes":""},"class_list":["post-2263","page","type-page","status-publish","hentry"],"acf":[],"yoast_head":"<!-- This site is optimized with the Yoast SEO plugin v23.4 - https:\/\/yoast.com\/wordpress\/plugins\/seo\/ -->\n<title>Network | preslmayr.legal | Attorney Dr. Martin Preslmayr<\/title>\n<meta name=\"robots\" content=\"noindex, follow, max-snippet:-1, max-image-preview:large, max-video-preview:-1\" \/>\n<meta property=\"og:locale\" content=\"en_US\" \/>\n<meta property=\"og:type\" content=\"article\" \/>\n<meta property=\"og:title\" content=\"Network | preslmayr.legal | Attorney Dr. Martin Preslmayr\" \/>\n<meta property=\"og:description\" content=\"Den echten Preslmayr finden Sie ab sofort in der preslmayr.legal Rechtsanw\u00e4lte GmbH.\" \/>\n<meta property=\"og:url\" content=\"http:\/\/staging.preslmayr.legal\/en\/weltweit\/\" \/>\n<meta property=\"og:site_name\" content=\"preslmayr.legal | Attorney Dr. Martin Preslmayr\" \/>\n<meta property=\"article:publisher\" content=\"https:\/\/www.facebook.com\/preslmayr.legal\" \/>\n<meta property=\"article:modified_time\" content=\"2024-01-03T10:16:01+00:00\" \/>\n<meta name=\"twitter:card\" content=\"summary_large_image\" \/>\n<meta name=\"twitter:site\" content=\"@Preslmayrlegal\" \/>\n<meta name=\"twitter:label1\" content=\"Est. reading time\" \/>\n\t<meta name=\"twitter:data1\" content=\"2 minutes\" \/>\n<script type=\"application\/ld+json\" class=\"yoast-schema-graph\">{\"@context\":\"https:\/\/schema.org\",\"@graph\":[{\"@type\":\"WebPage\",\"@id\":\"http:\/\/staging.preslmayr.legal\/en\/weltweit\/\",\"url\":\"http:\/\/staging.preslmayr.legal\/en\/weltweit\/\",\"name\":\"Network | preslmayr.legal | Attorney Dr. Martin Preslmayr\",\"isPartOf\":{\"@id\":\"http:\/\/staging.preslmayr.legal\/en\/#website\"},\"datePublished\":\"2018-01-27T11:42:57+00:00\",\"dateModified\":\"2024-01-03T10:16:01+00:00\",\"description\":\"Den echten Preslmayr finden Sie ab sofort in der preslmayr.legal Rechtsanw\u00e4lte GmbH.\",\"breadcrumb\":{\"@id\":\"http:\/\/staging.preslmayr.legal\/en\/weltweit\/#breadcrumb\"},\"inLanguage\":\"en-US\",\"potentialAction\":[{\"@type\":\"ReadAction\",\"target\":[\"http:\/\/staging.preslmayr.legal\/en\/weltweit\/\"]}]},{\"@type\":\"BreadcrumbList\",\"@id\":\"http:\/\/staging.preslmayr.legal\/en\/weltweit\/#breadcrumb\",\"itemListElement\":[{\"@type\":\"ListItem\",\"position\":1,\"name\":\"Home\",\"item\":\"http:\/\/staging.preslmayr.legal\/en\/\"},{\"@type\":\"ListItem\",\"position\":2,\"name\":\"Network\"}]},{\"@type\":\"WebSite\",\"@id\":\"http:\/\/staging.preslmayr.legal\/en\/#website\",\"url\":\"http:\/\/staging.preslmayr.legal\/en\/\",\"name\":\"preslmayr.legal | Attorney Dr. Martin Preslmayr\",\"description\":\"Den echten Preslmayr finden Sie ab sofort in der preslmayr.legal Rechtsanw\u00e4lte GmbH.\",\"publisher\":{\"@id\":\"http:\/\/staging.preslmayr.legal\/en\/#organization\"},\"potentialAction\":[{\"@type\":\"SearchAction\",\"target\":{\"@type\":\"EntryPoint\",\"urlTemplate\":\"http:\/\/staging.preslmayr.legal\/en\/?s={search_term_string}\"},\"query-input\":{\"@type\":\"PropertyValueSpecification\",\"valueRequired\":true,\"valueName\":\"search_term_string\"}}],\"inLanguage\":\"en-US\"},{\"@type\":\"Organization\",\"@id\":\"http:\/\/staging.preslmayr.legal\/en\/#organization\",\"name\":\"preslmayr.legal | Attorney Dr. Martin Preslmayr\",\"url\":\"http:\/\/staging.preslmayr.legal\/en\/\",\"logo\":{\"@type\":\"ImageObject\",\"inLanguage\":\"en-US\",\"@id\":\"http:\/\/staging.preslmayr.legal\/en\/#\/schema\/logo\/image\/\",\"url\":\"http:\/\/staging.preslmayr.legal\/wp-content\/uploads\/ec7bcdbd.address-preslmayr.png\",\"contentUrl\":\"http:\/\/staging.preslmayr.legal\/wp-content\/uploads\/ec7bcdbd.address-preslmayr.png\",\"width\":303,\"height\":33,\"caption\":\"preslmayr.legal | Attorney Dr. Martin Preslmayr\"},\"image\":{\"@id\":\"http:\/\/staging.preslmayr.legal\/en\/#\/schema\/logo\/image\/\"},\"sameAs\":[\"https:\/\/www.facebook.com\/preslmayr.legal\",\"https:\/\/x.com\/Preslmayrlegal\",\"https:\/\/www.linkedin.com\/in\/dr-martin-preslmayr-ll-m-a584a1b\/\",\"https:\/\/www.xing.com\/profile\/Martin_PreslmayrLLM\",\"https:\/\/www.instagram.com\/preslmayr.legal\/\",\"https:\/\/www.youtube.com\/channel\/UCGAQkXxsy7eY_FXSOtapzgg\"]}]}<\/script>\n<!-- \/ Yoast SEO plugin. -->","yoast_head_json":{"title":"Network | preslmayr.legal | Attorney Dr. Martin Preslmayr","robots":{"index":"noindex","follow":"follow","max-snippet":"max-snippet:-1","max-image-preview":"max-image-preview:large","max-video-preview":"max-video-preview:-1"},"og_locale":"en_US","og_type":"article","og_title":"Network | preslmayr.legal | Attorney Dr. Martin Preslmayr","og_description":"Den echten Preslmayr finden Sie ab sofort in der preslmayr.legal Rechtsanw\u00e4lte GmbH.","og_url":"http:\/\/staging.preslmayr.legal\/en\/weltweit\/","og_site_name":"preslmayr.legal | Attorney Dr. Martin Preslmayr","article_publisher":"https:\/\/www.facebook.com\/preslmayr.legal","article_modified_time":"2024-01-03T10:16:01+00:00","twitter_card":"summary_large_image","twitter_site":"@Preslmayrlegal","twitter_misc":{"Est. reading time":"2 minutes"},"schema":{"@context":"https:\/\/schema.org","@graph":[{"@type":"WebPage","@id":"http:\/\/staging.preslmayr.legal\/en\/weltweit\/","url":"http:\/\/staging.preslmayr.legal\/en\/weltweit\/","name":"Network | preslmayr.legal | Attorney Dr. Martin Preslmayr","isPartOf":{"@id":"http:\/\/staging.preslmayr.legal\/en\/#website"},"datePublished":"2018-01-27T11:42:57+00:00","dateModified":"2024-01-03T10:16:01+00:00","description":"Den echten Preslmayr finden Sie ab sofort in der preslmayr.legal Rechtsanw\u00e4lte GmbH.","breadcrumb":{"@id":"http:\/\/staging.preslmayr.legal\/en\/weltweit\/#breadcrumb"},"inLanguage":"en-US","potentialAction":[{"@type":"ReadAction","target":["http:\/\/staging.preslmayr.legal\/en\/weltweit\/"]}]},{"@type":"BreadcrumbList","@id":"http:\/\/staging.preslmayr.legal\/en\/weltweit\/#breadcrumb","itemListElement":[{"@type":"ListItem","position":1,"name":"Home","item":"http:\/\/staging.preslmayr.legal\/en\/"},{"@type":"ListItem","position":2,"name":"Network"}]},{"@type":"WebSite","@id":"http:\/\/staging.preslmayr.legal\/en\/#website","url":"http:\/\/staging.preslmayr.legal\/en\/","name":"preslmayr.legal | Attorney Dr. Martin Preslmayr","description":"Den echten Preslmayr finden Sie ab sofort in der preslmayr.legal Rechtsanw\u00e4lte GmbH.","publisher":{"@id":"http:\/\/staging.preslmayr.legal\/en\/#organization"},"potentialAction":[{"@type":"SearchAction","target":{"@type":"EntryPoint","urlTemplate":"http:\/\/staging.preslmayr.legal\/en\/?s={search_term_string}"},"query-input":{"@type":"PropertyValueSpecification","valueRequired":true,"valueName":"search_term_string"}}],"inLanguage":"en-US"},{"@type":"Organization","@id":"http:\/\/staging.preslmayr.legal\/en\/#organization","name":"preslmayr.legal | Attorney Dr. Martin Preslmayr","url":"http:\/\/staging.preslmayr.legal\/en\/","logo":{"@type":"ImageObject","inLanguage":"en-US","@id":"http:\/\/staging.preslmayr.legal\/en\/#\/schema\/logo\/image\/","url":"http:\/\/staging.preslmayr.legal\/wp-content\/uploads\/ec7bcdbd.address-preslmayr.png","contentUrl":"http:\/\/staging.preslmayr.legal\/wp-content\/uploads\/ec7bcdbd.address-preslmayr.png","width":303,"height":33,"caption":"preslmayr.legal | Attorney Dr. Martin Preslmayr"},"image":{"@id":"http:\/\/staging.preslmayr.legal\/en\/#\/schema\/logo\/image\/"},"sameAs":["https:\/\/www.facebook.com\/preslmayr.legal","https:\/\/x.com\/Preslmayrlegal","https:\/\/www.linkedin.com\/in\/dr-martin-preslmayr-ll-m-a584a1b\/","https:\/\/www.xing.com\/profile\/Martin_PreslmayrLLM","https:\/\/www.instagram.com\/preslmayr.legal\/","https:\/\/www.youtube.com\/channel\/UCGAQkXxsy7eY_FXSOtapzgg"]}]}},"_links":{"self":[{"href":"http:\/\/staging.preslmayr.legal\/en\/wp-json\/wp\/v2\/pages\/2263"}],"collection":[{"href":"http:\/\/staging.preslmayr.legal\/en\/wp-json\/wp\/v2\/pages"}],"about":[{"href":"http:\/\/staging.preslmayr.legal\/en\/wp-json\/wp\/v2\/types\/page"}],"author":[{"embeddable":true,"href":"http:\/\/staging.preslmayr.legal\/en\/wp-json\/wp\/v2\/users\/1"}],"replies":[{"embeddable":true,"href":"http:\/\/staging.preslmayr.legal\/en\/wp-json\/wp\/v2\/comments?post=2263"}],"version-history":[{"count":2,"href":"http:\/\/staging.preslmayr.legal\/en\/wp-json\/wp\/v2\/pages\/2263\/revisions"}],"predecessor-version":[{"id":2498,"href":"http:\/\/staging.preslmayr.legal\/en\/wp-json\/wp\/v2\/pages\/2263\/revisions\/2498"}],"wp:attachment":[{"href":"http:\/\/staging.preslmayr.legal\/en\/wp-json\/wp\/v2\/media?parent=2263"}],"curies":[{"name":"wp","href":"https:\/\/api.w.org\/{rel}","templated":true}]}}