{"id":2309,"date":"2015-12-30T11:34:03","date_gmt":"2015-12-30T10:34:03","guid":{"rendered":"http:\/\/staging.preslmayr.legal\/kanzlei-portfolio\/"},"modified":"2023-07-25T17:44:28","modified_gmt":"2023-07-25T15:44:28","slug":"law-firm-profile","status":"publish","type":"page","link":"http:\/\/staging.preslmayr.legal\/en\/law-firm-profile\/","title":{"rendered":"Law firm profile"},"content":{"rendered":"<p><a class=\"p_red\" href=\"https:\/\/preslmayr.legal\/preslmayr-rechtsanwaelte-gmbh\/spezialgebiete-preslmayr\/\">#startupwithexperience<\/a><\/p>\n<p>[ut_one_half]<br \/>\nAnlagenrecht<br \/>\nArbeitsrecht<br \/>\nBankrecht<br \/>\nDatenschutz<br \/>\nEnergierecht<br \/>\nErbrecht<br \/>\nFamilienrecht<br \/>\nFinanzierungen<br \/>\nFranchising<br \/>\nGesellschaftsrecht<br \/>\nGewerberecht und Betriebsanlagenrecht<br \/>\nHandelsvertreterrecht<br \/>\nImmaterialg\u00fcterrecht<br \/>\nImmobilienrecht, Liegenschaftsrecht, Bauvertragsrecht<br \/>\nIT und E-Commerce<br \/>\nKartellrecht, Marktmissbrauch, Fusionskontrolle<br \/>\nKunstrecht<br \/>\nK\u00fcnstlervertr\u00e4ge<br \/>\nMarkenrecht<br \/>\nMergers &amp; Acquisitions, Transaktionen, Unternehmensk\u00e4ufe<br \/>\nMietrecht und Wohnrecht<br \/>\nPrivate Equity und Venture Capital<br \/>\nPrivatstiftungen und Privatverm\u00f6gen<br \/>\n[\/ut_one_half]<br \/>\n[ut_one_half_last]<br \/>\nProdukthaftungsrecht und Produktsicherheit<br \/>\nProzessf\u00fchrung, Gerichtsverfahren und Schiedsgerichtsbarkeit<br \/>\nRechtliches Projektmanagement<br \/>\nSchadenersatzrecht<br \/>\nScheidungsrecht und Obsorgerecht<br \/>\nSteuerrecht<br \/>\nStrafrecht<br \/>\nTelekommunikationsrecht<br \/>\nUnternehmensnachfolge<br \/>\nUnternehmensrecht<br \/>\nUmgr\u00fcndungen<br \/>\nUmstrukturierungen<br \/>\nUrheberrecht<br \/>\nVergaberecht<br \/>\nVersicherungsrecht<br \/>\nVertragsrecht national und international<br \/>\nVertragsverhandlung<br \/>\nVertriebsrecht<br \/>\nVerwaltungsrecht<br \/>\nWettbewerbsrecht (UWG)<br \/>\nWirtschaftsstrafrecht<br \/>\nZivilprozessrecht<br \/>\nZivilrecht<br \/>\n[\/ut_one_half_last]<\/p>\n","protected":false},"excerpt":{"rendered":"<p>#startupwithexperience [ut_one_half] Anlagenrecht Arbeitsrecht Bankrecht Datenschutz Energierecht Erbrecht Familienrecht Finanzierungen Franchising Gesellschaftsrecht Gewerberecht und Betriebsanlagenrecht Handelsvertreterrecht Immaterialg\u00fcterrecht Immobilienrecht, Liegenschaftsrecht, Bauvertragsrecht IT und E-Commerce Kartellrecht, Marktmissbrauch, Fusionskontrolle Kunstrecht K\u00fcnstlervertr\u00e4ge Markenrecht Mergers &amp; Acquisitions, Transaktionen, Unternehmensk\u00e4ufe Mietrecht und Wohnrecht Private Equity und Venture Capital Privatstiftungen und Privatverm\u00f6gen [\/ut_one_half] [ut_one_half_last] Produkthaftungsrecht und Produktsicherheit Prozessf\u00fchrung, Gerichtsverfahren und Schiedsgerichtsbarkeit Rechtliches [&hellip;]<\/p>\n","protected":false},"author":1,"featured_media":0,"parent":0,"menu_order":0,"comment_status":"closed","ping_status":"closed","template":"","meta":{"_acf_changed":false,"footnotes":""},"class_list":["post-2309","page","type-page","status-publish","hentry"],"acf":[],"yoast_head":"<!-- This site is optimized with the Yoast SEO plugin v23.4 - https:\/\/yoast.com\/wordpress\/plugins\/seo\/ -->\n<title>Law firm profile | preslmayr.legal | Attorney Dr. Martin Preslmayr<\/title>\n<meta name=\"description\" content=\"Our comprehensive portfolio covers a wide range of legal areas including: Divorce, Contracts, Criminal Law, Private Foundations, M&amp;A...\" \/>\n<meta name=\"robots\" content=\"noindex, follow, max-snippet:-1, max-image-preview:large, max-video-preview:-1\" \/>\n<meta property=\"og:locale\" content=\"en_US\" \/>\n<meta property=\"og:type\" content=\"article\" \/>\n<meta property=\"og:title\" content=\"Law firm profile | preslmayr.legal | Attorney Dr. Martin Preslmayr\" \/>\n<meta property=\"og:description\" content=\"Our comprehensive portfolio covers a wide range of legal areas including: Divorce, Contracts, Criminal Law, Private Foundations, M&amp;A...\" \/>\n<meta property=\"og:url\" content=\"http:\/\/staging.preslmayr.legal\/en\/law-firm-profile\/\" \/>\n<meta property=\"og:site_name\" content=\"preslmayr.legal | Attorney Dr. Martin Preslmayr\" \/>\n<meta property=\"article:publisher\" content=\"https:\/\/www.facebook.com\/preslmayr.legal\" \/>\n<meta property=\"article:modified_time\" content=\"2023-07-25T15:44:28+00:00\" \/>\n<meta name=\"twitter:card\" content=\"summary_large_image\" \/>\n<meta name=\"twitter:site\" content=\"@Preslmayrlegal\" \/>\n<meta name=\"twitter:label1\" content=\"Est. reading time\" \/>\n\t<meta name=\"twitter:data1\" content=\"1 minute\" \/>\n<script type=\"application\/ld+json\" class=\"yoast-schema-graph\">{\"@context\":\"https:\/\/schema.org\",\"@graph\":[{\"@type\":\"WebPage\",\"@id\":\"http:\/\/staging.preslmayr.legal\/en\/law-firm-profile\/\",\"url\":\"http:\/\/staging.preslmayr.legal\/en\/law-firm-profile\/\",\"name\":\"Law firm profile | preslmayr.legal | Attorney Dr. Martin Preslmayr\",\"isPartOf\":{\"@id\":\"http:\/\/staging.preslmayr.legal\/en\/#website\"},\"datePublished\":\"2015-12-30T10:34:03+00:00\",\"dateModified\":\"2023-07-25T15:44:28+00:00\",\"description\":\"Our comprehensive portfolio covers a wide range of legal areas including: Divorce, Contracts, Criminal Law, Private Foundations, M&A...\",\"breadcrumb\":{\"@id\":\"http:\/\/staging.preslmayr.legal\/en\/law-firm-profile\/#breadcrumb\"},\"inLanguage\":\"en-US\",\"potentialAction\":[{\"@type\":\"ReadAction\",\"target\":[\"http:\/\/staging.preslmayr.legal\/en\/law-firm-profile\/\"]}]},{\"@type\":\"BreadcrumbList\",\"@id\":\"http:\/\/staging.preslmayr.legal\/en\/law-firm-profile\/#breadcrumb\",\"itemListElement\":[{\"@type\":\"ListItem\",\"position\":1,\"name\":\"Home\",\"item\":\"http:\/\/staging.preslmayr.legal\/en\/\"},{\"@type\":\"ListItem\",\"position\":2,\"name\":\"Law firm profile\"}]},{\"@type\":\"WebSite\",\"@id\":\"http:\/\/staging.preslmayr.legal\/en\/#website\",\"url\":\"http:\/\/staging.preslmayr.legal\/en\/\",\"name\":\"preslmayr.legal | Attorney Dr. Martin Preslmayr\",\"description\":\"Den echten Preslmayr finden Sie ab sofort in der preslmayr.legal Rechtsanw\u00e4lte GmbH.\",\"publisher\":{\"@id\":\"http:\/\/staging.preslmayr.legal\/en\/#organization\"},\"potentialAction\":[{\"@type\":\"SearchAction\",\"target\":{\"@type\":\"EntryPoint\",\"urlTemplate\":\"http:\/\/staging.preslmayr.legal\/en\/?s={search_term_string}\"},\"query-input\":{\"@type\":\"PropertyValueSpecification\",\"valueRequired\":true,\"valueName\":\"search_term_string\"}}],\"inLanguage\":\"en-US\"},{\"@type\":\"Organization\",\"@id\":\"http:\/\/staging.preslmayr.legal\/en\/#organization\",\"name\":\"preslmayr.legal | Attorney Dr. Martin Preslmayr\",\"url\":\"http:\/\/staging.preslmayr.legal\/en\/\",\"logo\":{\"@type\":\"ImageObject\",\"inLanguage\":\"en-US\",\"@id\":\"http:\/\/staging.preslmayr.legal\/en\/#\/schema\/logo\/image\/\",\"url\":\"http:\/\/staging.preslmayr.legal\/wp-content\/uploads\/ec7bcdbd.address-preslmayr.png\",\"contentUrl\":\"http:\/\/staging.preslmayr.legal\/wp-content\/uploads\/ec7bcdbd.address-preslmayr.png\",\"width\":303,\"height\":33,\"caption\":\"preslmayr.legal | Attorney Dr. Martin Preslmayr\"},\"image\":{\"@id\":\"http:\/\/staging.preslmayr.legal\/en\/#\/schema\/logo\/image\/\"},\"sameAs\":[\"https:\/\/www.facebook.com\/preslmayr.legal\",\"https:\/\/x.com\/Preslmayrlegal\",\"https:\/\/www.linkedin.com\/in\/dr-martin-preslmayr-ll-m-a584a1b\/\",\"https:\/\/www.xing.com\/profile\/Martin_PreslmayrLLM\",\"https:\/\/www.instagram.com\/preslmayr.legal\/\",\"https:\/\/www.youtube.com\/channel\/UCGAQkXxsy7eY_FXSOtapzgg\"]}]}<\/script>\n<!-- \/ Yoast SEO plugin. -->","yoast_head_json":{"title":"Law firm profile | preslmayr.legal | Attorney Dr. Martin Preslmayr","description":"Our comprehensive portfolio covers a wide range of legal areas including: Divorce, Contracts, Criminal Law, Private Foundations, M&A...","robots":{"index":"noindex","follow":"follow","max-snippet":"max-snippet:-1","max-image-preview":"max-image-preview:large","max-video-preview":"max-video-preview:-1"},"og_locale":"en_US","og_type":"article","og_title":"Law firm profile | preslmayr.legal | Attorney Dr. Martin Preslmayr","og_description":"Our comprehensive portfolio covers a wide range of legal areas including: Divorce, Contracts, Criminal Law, Private Foundations, M&A...","og_url":"http:\/\/staging.preslmayr.legal\/en\/law-firm-profile\/","og_site_name":"preslmayr.legal | Attorney Dr. Martin Preslmayr","article_publisher":"https:\/\/www.facebook.com\/preslmayr.legal","article_modified_time":"2023-07-25T15:44:28+00:00","twitter_card":"summary_large_image","twitter_site":"@Preslmayrlegal","twitter_misc":{"Est. reading time":"1 minute"},"schema":{"@context":"https:\/\/schema.org","@graph":[{"@type":"WebPage","@id":"http:\/\/staging.preslmayr.legal\/en\/law-firm-profile\/","url":"http:\/\/staging.preslmayr.legal\/en\/law-firm-profile\/","name":"Law firm profile | preslmayr.legal | Attorney Dr. Martin Preslmayr","isPartOf":{"@id":"http:\/\/staging.preslmayr.legal\/en\/#website"},"datePublished":"2015-12-30T10:34:03+00:00","dateModified":"2023-07-25T15:44:28+00:00","description":"Our comprehensive portfolio covers a wide range of legal areas including: Divorce, Contracts, Criminal Law, Private Foundations, M&A...","breadcrumb":{"@id":"http:\/\/staging.preslmayr.legal\/en\/law-firm-profile\/#breadcrumb"},"inLanguage":"en-US","potentialAction":[{"@type":"ReadAction","target":["http:\/\/staging.preslmayr.legal\/en\/law-firm-profile\/"]}]},{"@type":"BreadcrumbList","@id":"http:\/\/staging.preslmayr.legal\/en\/law-firm-profile\/#breadcrumb","itemListElement":[{"@type":"ListItem","position":1,"name":"Home","item":"http:\/\/staging.preslmayr.legal\/en\/"},{"@type":"ListItem","position":2,"name":"Law firm profile"}]},{"@type":"WebSite","@id":"http:\/\/staging.preslmayr.legal\/en\/#website","url":"http:\/\/staging.preslmayr.legal\/en\/","name":"preslmayr.legal | Attorney Dr. Martin Preslmayr","description":"Den echten Preslmayr finden Sie ab sofort in der preslmayr.legal Rechtsanw\u00e4lte GmbH.","publisher":{"@id":"http:\/\/staging.preslmayr.legal\/en\/#organization"},"potentialAction":[{"@type":"SearchAction","target":{"@type":"EntryPoint","urlTemplate":"http:\/\/staging.preslmayr.legal\/en\/?s={search_term_string}"},"query-input":{"@type":"PropertyValueSpecification","valueRequired":true,"valueName":"search_term_string"}}],"inLanguage":"en-US"},{"@type":"Organization","@id":"http:\/\/staging.preslmayr.legal\/en\/#organization","name":"preslmayr.legal | Attorney Dr. Martin Preslmayr","url":"http:\/\/staging.preslmayr.legal\/en\/","logo":{"@type":"ImageObject","inLanguage":"en-US","@id":"http:\/\/staging.preslmayr.legal\/en\/#\/schema\/logo\/image\/","url":"http:\/\/staging.preslmayr.legal\/wp-content\/uploads\/ec7bcdbd.address-preslmayr.png","contentUrl":"http:\/\/staging.preslmayr.legal\/wp-content\/uploads\/ec7bcdbd.address-preslmayr.png","width":303,"height":33,"caption":"preslmayr.legal | Attorney Dr. Martin Preslmayr"},"image":{"@id":"http:\/\/staging.preslmayr.legal\/en\/#\/schema\/logo\/image\/"},"sameAs":["https:\/\/www.facebook.com\/preslmayr.legal","https:\/\/x.com\/Preslmayrlegal","https:\/\/www.linkedin.com\/in\/dr-martin-preslmayr-ll-m-a584a1b\/","https:\/\/www.xing.com\/profile\/Martin_PreslmayrLLM","https:\/\/www.instagram.com\/preslmayr.legal\/","https:\/\/www.youtube.com\/channel\/UCGAQkXxsy7eY_FXSOtapzgg"]}]}},"_links":{"self":[{"href":"http:\/\/staging.preslmayr.legal\/en\/wp-json\/wp\/v2\/pages\/2309"}],"collection":[{"href":"http:\/\/staging.preslmayr.legal\/en\/wp-json\/wp\/v2\/pages"}],"about":[{"href":"http:\/\/staging.preslmayr.legal\/en\/wp-json\/wp\/v2\/types\/page"}],"author":[{"embeddable":true,"href":"http:\/\/staging.preslmayr.legal\/en\/wp-json\/wp\/v2\/users\/1"}],"replies":[{"embeddable":true,"href":"http:\/\/staging.preslmayr.legal\/en\/wp-json\/wp\/v2\/comments?post=2309"}],"version-history":[{"count":2,"href":"http:\/\/staging.preslmayr.legal\/en\/wp-json\/wp\/v2\/pages\/2309\/revisions"}],"predecessor-version":[{"id":2313,"href":"http:\/\/staging.preslmayr.legal\/en\/wp-json\/wp\/v2\/pages\/2309\/revisions\/2313"}],"wp:attachment":[{"href":"http:\/\/staging.preslmayr.legal\/en\/wp-json\/wp\/v2\/media?parent=2309"}],"curies":[{"name":"wp","href":"https:\/\/api.w.org\/{rel}","templated":true}]}}