{"id":2344,"date":"2015-12-18T14:34:38","date_gmt":"2015-12-18T13:34:38","guid":{"rendered":"http:\/\/staging.preslmayr.legal\/impressum\/"},"modified":"2023-03-22T20:46:59","modified_gmt":"2023-03-22T19:46:59","slug":"imprint","status":"publish","type":"page","link":"http:\/\/staging.preslmayr.legal\/en\/imprint\/","title":{"rendered":"Imprint"},"content":{"rendered":"<p>Offenlegung nach \u00a7 5 E-Commerce-Gesetz<\/p>\n<p>preslmayr.legal Rechtsanw\u00e4lte GmbH<br \/>\n<a dir=\"ltr\">Rotenturmstra\u00dfe 16-18<\/a>, Stiege 2, 7. OG<br \/>\n1010 Wien<br \/>\n\u00d6sterreich<\/p>\n<p>Tel: +43 1 343 1111<br \/>\nFax: +43 1 343 1111 11<\/p>\n<p>reception@preslmayr.legal<\/p>\n<p>Handelsgericht Wien: FN 437718d<br \/>\nUmsatzsteueridentifikationsnummer: ATU69766648<br \/>\nRechtsanwaltskammer Wien, \u00d6sterreich<br \/>\nRAO und RL-BA, abrufbar unter\u00a0<a href=\"http:\/\/www.oerak.at\/\" target=\"_blank\" rel=\"noopener noreferrer\">http:\/\/www.oerak.at<\/a><\/p>\n<p><u>Haftungsausschuss<\/u><\/p>\n<p>Auf der Homepage der preslmayr.legal Rechtsanw\u00e4lte GmbH werden lediglich generelle Informationen bereitgestellt. Die Informationen auf der Homepage k\u00f6nnen\u00a0eine individuelle Rechtsberatung nicht ersetzen. Die preslmayr.legal\u00a0Rechtsanw\u00e4lte\u00a0GmbH \u00fcbernimmt keine\u00a0Haftung f\u00fcr die Richtigkeit, Vollst\u00e4ndigkeit und Aktualit\u00e4t der Informationen auf dieser Homepage.<\/p>\n<p>Copyright by preslmayr.legal Rechtsanw\u00e4lte GmbH. Daten\u00fcbernahme, auch nur auszugsweise, bedarf der vorherigen schriftlichen Anfrage an und der Zustimmung durch Dr. Martin Preslmayr <a href=\"mailto:mp@preslmayr.legal\">mp@preslmayr.legal<\/a><br \/>\nLinks auf externe Seiten und die dort erreichbaren Inhalte unterliegen nicht der Verantwortung von preslmayr.legal Rechtsanw\u00e4lte GmbH<\/p>\n","protected":false},"excerpt":{"rendered":"<p>Offenlegung nach \u00a7 5 E-Commerce-Gesetz preslmayr.legal Rechtsanw\u00e4lte GmbH Rotenturmstra\u00dfe 16-18, Stiege 2, 7. OG 1010 Wien \u00d6sterreich Tel: +43 1 343 1111 Fax: +43 1 343 1111 11 reception@preslmayr.legal Handelsgericht Wien: FN 437718d Umsatzsteueridentifikationsnummer: ATU69766648 Rechtsanwaltskammer Wien, \u00d6sterreich RAO und RL-BA, abrufbar unter\u00a0http:\/\/www.oerak.at Haftungsausschuss Auf der Homepage der preslmayr.legal Rechtsanw\u00e4lte GmbH werden lediglich generelle Informationen [&hellip;]<\/p>\n","protected":false},"author":1,"featured_media":0,"parent":0,"menu_order":0,"comment_status":"closed","ping_status":"closed","template":"","meta":{"_acf_changed":false,"footnotes":""},"class_list":["post-2344","page","type-page","status-publish","hentry"],"acf":[],"yoast_head":"<!-- This site is optimized with the Yoast SEO plugin v23.4 - https:\/\/yoast.com\/wordpress\/plugins\/seo\/ -->\n<title>Imprint | preslmayr.legal | Attorney Dr. Martin Preslmayr<\/title>\n<meta name=\"robots\" content=\"noindex, follow, max-snippet:-1, max-image-preview:large, max-video-preview:-1\" \/>\n<meta property=\"og:locale\" content=\"en_US\" \/>\n<meta property=\"og:type\" content=\"article\" \/>\n<meta property=\"og:title\" content=\"Imprint | preslmayr.legal | Attorney Dr. Martin Preslmayr\" \/>\n<meta property=\"og:description\" content=\"Den echten Preslmayr finden Sie ab sofort in der preslmayr.legal Rechtsanw\u00e4lte GmbH.\" \/>\n<meta property=\"og:url\" content=\"http:\/\/staging.preslmayr.legal\/en\/imprint\/\" \/>\n<meta property=\"og:site_name\" content=\"preslmayr.legal | Attorney Dr. Martin Preslmayr\" \/>\n<meta property=\"article:publisher\" content=\"https:\/\/www.facebook.com\/preslmayr.legal\" \/>\n<meta property=\"article:modified_time\" content=\"2023-03-22T19:46:59+00:00\" \/>\n<meta name=\"twitter:card\" content=\"summary_large_image\" \/>\n<meta name=\"twitter:site\" content=\"@Preslmayrlegal\" \/>\n<meta name=\"twitter:label1\" content=\"Est. reading time\" \/>\n\t<meta name=\"twitter:data1\" content=\"1 minute\" \/>\n<script type=\"application\/ld+json\" class=\"yoast-schema-graph\">{\"@context\":\"https:\/\/schema.org\",\"@graph\":[{\"@type\":\"WebPage\",\"@id\":\"http:\/\/staging.preslmayr.legal\/en\/imprint\/\",\"url\":\"http:\/\/staging.preslmayr.legal\/en\/imprint\/\",\"name\":\"Imprint | preslmayr.legal | Attorney Dr. Martin Preslmayr\",\"isPartOf\":{\"@id\":\"http:\/\/staging.preslmayr.legal\/en\/#website\"},\"datePublished\":\"2015-12-18T13:34:38+00:00\",\"dateModified\":\"2023-03-22T19:46:59+00:00\",\"description\":\"Den echten Preslmayr finden Sie ab sofort in der preslmayr.legal Rechtsanw\u00e4lte GmbH.\",\"breadcrumb\":{\"@id\":\"http:\/\/staging.preslmayr.legal\/en\/imprint\/#breadcrumb\"},\"inLanguage\":\"en-US\",\"potentialAction\":[{\"@type\":\"ReadAction\",\"target\":[\"http:\/\/staging.preslmayr.legal\/en\/imprint\/\"]}]},{\"@type\":\"BreadcrumbList\",\"@id\":\"http:\/\/staging.preslmayr.legal\/en\/imprint\/#breadcrumb\",\"itemListElement\":[{\"@type\":\"ListItem\",\"position\":1,\"name\":\"Home\",\"item\":\"http:\/\/staging.preslmayr.legal\/en\/\"},{\"@type\":\"ListItem\",\"position\":2,\"name\":\"Imprint\"}]},{\"@type\":\"WebSite\",\"@id\":\"http:\/\/staging.preslmayr.legal\/en\/#website\",\"url\":\"http:\/\/staging.preslmayr.legal\/en\/\",\"name\":\"preslmayr.legal | Attorney Dr. Martin Preslmayr\",\"description\":\"Den echten Preslmayr finden Sie ab sofort in der preslmayr.legal Rechtsanw\u00e4lte GmbH.\",\"publisher\":{\"@id\":\"http:\/\/staging.preslmayr.legal\/en\/#organization\"},\"potentialAction\":[{\"@type\":\"SearchAction\",\"target\":{\"@type\":\"EntryPoint\",\"urlTemplate\":\"http:\/\/staging.preslmayr.legal\/en\/?s={search_term_string}\"},\"query-input\":{\"@type\":\"PropertyValueSpecification\",\"valueRequired\":true,\"valueName\":\"search_term_string\"}}],\"inLanguage\":\"en-US\"},{\"@type\":\"Organization\",\"@id\":\"http:\/\/staging.preslmayr.legal\/en\/#organization\",\"name\":\"preslmayr.legal | Attorney Dr. Martin Preslmayr\",\"url\":\"http:\/\/staging.preslmayr.legal\/en\/\",\"logo\":{\"@type\":\"ImageObject\",\"inLanguage\":\"en-US\",\"@id\":\"http:\/\/staging.preslmayr.legal\/en\/#\/schema\/logo\/image\/\",\"url\":\"http:\/\/staging.preslmayr.legal\/wp-content\/uploads\/ec7bcdbd.address-preslmayr.png\",\"contentUrl\":\"http:\/\/staging.preslmayr.legal\/wp-content\/uploads\/ec7bcdbd.address-preslmayr.png\",\"width\":303,\"height\":33,\"caption\":\"preslmayr.legal | Attorney Dr. Martin Preslmayr\"},\"image\":{\"@id\":\"http:\/\/staging.preslmayr.legal\/en\/#\/schema\/logo\/image\/\"},\"sameAs\":[\"https:\/\/www.facebook.com\/preslmayr.legal\",\"https:\/\/x.com\/Preslmayrlegal\",\"https:\/\/www.linkedin.com\/in\/dr-martin-preslmayr-ll-m-a584a1b\/\",\"https:\/\/www.xing.com\/profile\/Martin_PreslmayrLLM\",\"https:\/\/www.instagram.com\/preslmayr.legal\/\",\"https:\/\/www.youtube.com\/channel\/UCGAQkXxsy7eY_FXSOtapzgg\"]}]}<\/script>\n<!-- \/ Yoast SEO plugin. -->","yoast_head_json":{"title":"Imprint | preslmayr.legal | Attorney Dr. Martin Preslmayr","robots":{"index":"noindex","follow":"follow","max-snippet":"max-snippet:-1","max-image-preview":"max-image-preview:large","max-video-preview":"max-video-preview:-1"},"og_locale":"en_US","og_type":"article","og_title":"Imprint | preslmayr.legal | Attorney Dr. Martin Preslmayr","og_description":"Den echten Preslmayr finden Sie ab sofort in der preslmayr.legal Rechtsanw\u00e4lte GmbH.","og_url":"http:\/\/staging.preslmayr.legal\/en\/imprint\/","og_site_name":"preslmayr.legal | Attorney Dr. Martin Preslmayr","article_publisher":"https:\/\/www.facebook.com\/preslmayr.legal","article_modified_time":"2023-03-22T19:46:59+00:00","twitter_card":"summary_large_image","twitter_site":"@Preslmayrlegal","twitter_misc":{"Est. reading time":"1 minute"},"schema":{"@context":"https:\/\/schema.org","@graph":[{"@type":"WebPage","@id":"http:\/\/staging.preslmayr.legal\/en\/imprint\/","url":"http:\/\/staging.preslmayr.legal\/en\/imprint\/","name":"Imprint | preslmayr.legal | Attorney Dr. Martin Preslmayr","isPartOf":{"@id":"http:\/\/staging.preslmayr.legal\/en\/#website"},"datePublished":"2015-12-18T13:34:38+00:00","dateModified":"2023-03-22T19:46:59+00:00","description":"Den echten Preslmayr finden Sie ab sofort in der preslmayr.legal Rechtsanw\u00e4lte GmbH.","breadcrumb":{"@id":"http:\/\/staging.preslmayr.legal\/en\/imprint\/#breadcrumb"},"inLanguage":"en-US","potentialAction":[{"@type":"ReadAction","target":["http:\/\/staging.preslmayr.legal\/en\/imprint\/"]}]},{"@type":"BreadcrumbList","@id":"http:\/\/staging.preslmayr.legal\/en\/imprint\/#breadcrumb","itemListElement":[{"@type":"ListItem","position":1,"name":"Home","item":"http:\/\/staging.preslmayr.legal\/en\/"},{"@type":"ListItem","position":2,"name":"Imprint"}]},{"@type":"WebSite","@id":"http:\/\/staging.preslmayr.legal\/en\/#website","url":"http:\/\/staging.preslmayr.legal\/en\/","name":"preslmayr.legal | Attorney Dr. Martin Preslmayr","description":"Den echten Preslmayr finden Sie ab sofort in der preslmayr.legal Rechtsanw\u00e4lte GmbH.","publisher":{"@id":"http:\/\/staging.preslmayr.legal\/en\/#organization"},"potentialAction":[{"@type":"SearchAction","target":{"@type":"EntryPoint","urlTemplate":"http:\/\/staging.preslmayr.legal\/en\/?s={search_term_string}"},"query-input":{"@type":"PropertyValueSpecification","valueRequired":true,"valueName":"search_term_string"}}],"inLanguage":"en-US"},{"@type":"Organization","@id":"http:\/\/staging.preslmayr.legal\/en\/#organization","name":"preslmayr.legal | Attorney Dr. Martin Preslmayr","url":"http:\/\/staging.preslmayr.legal\/en\/","logo":{"@type":"ImageObject","inLanguage":"en-US","@id":"http:\/\/staging.preslmayr.legal\/en\/#\/schema\/logo\/image\/","url":"http:\/\/staging.preslmayr.legal\/wp-content\/uploads\/ec7bcdbd.address-preslmayr.png","contentUrl":"http:\/\/staging.preslmayr.legal\/wp-content\/uploads\/ec7bcdbd.address-preslmayr.png","width":303,"height":33,"caption":"preslmayr.legal | Attorney Dr. Martin Preslmayr"},"image":{"@id":"http:\/\/staging.preslmayr.legal\/en\/#\/schema\/logo\/image\/"},"sameAs":["https:\/\/www.facebook.com\/preslmayr.legal","https:\/\/x.com\/Preslmayrlegal","https:\/\/www.linkedin.com\/in\/dr-martin-preslmayr-ll-m-a584a1b\/","https:\/\/www.xing.com\/profile\/Martin_PreslmayrLLM","https:\/\/www.instagram.com\/preslmayr.legal\/","https:\/\/www.youtube.com\/channel\/UCGAQkXxsy7eY_FXSOtapzgg"]}]}},"_links":{"self":[{"href":"http:\/\/staging.preslmayr.legal\/en\/wp-json\/wp\/v2\/pages\/2344"}],"collection":[{"href":"http:\/\/staging.preslmayr.legal\/en\/wp-json\/wp\/v2\/pages"}],"about":[{"href":"http:\/\/staging.preslmayr.legal\/en\/wp-json\/wp\/v2\/types\/page"}],"author":[{"embeddable":true,"href":"http:\/\/staging.preslmayr.legal\/en\/wp-json\/wp\/v2\/users\/1"}],"replies":[{"embeddable":true,"href":"http:\/\/staging.preslmayr.legal\/en\/wp-json\/wp\/v2\/comments?post=2344"}],"version-history":[{"count":3,"href":"http:\/\/staging.preslmayr.legal\/en\/wp-json\/wp\/v2\/pages\/2344\/revisions"}],"predecessor-version":[{"id":2353,"href":"http:\/\/staging.preslmayr.legal\/en\/wp-json\/wp\/v2\/pages\/2344\/revisions\/2353"}],"wp:attachment":[{"href":"http:\/\/staging.preslmayr.legal\/en\/wp-json\/wp\/v2\/media?parent=2344"}],"curies":[{"name":"wp","href":"https:\/\/api.w.org\/{rel}","templated":true}]}}