{"id":2237,"date":"2019-11-09T09:55:18","date_gmt":"2019-11-09T08:55:18","guid":{"rendered":"http:\/\/staging.preslmayr.legal\/dr-martin-preslmayr\/"},"modified":"2023-03-16T21:14:48","modified_gmt":"2023-03-16T20:14:48","slug":"dr-martin-preslmayr","status":"publish","type":"page","link":"http:\/\/staging.preslmayr.legal\/fr\/dr-martin-preslmayr\/","title":{"rendered":"Dr. Martin Preslmayr"},"content":{"rendered":"<h2>Dr. Martin Preslmayr LL.M.<\/h2>\n<p>Rechtsanwalt und Gr\u00fcnder der preslmayr.legal Rechtsanw\u00e4lte GmbH<br \/>\n<a href=\"mailto:mp@preslmayr.legal\">mp@preslmayr.legal<\/a><\/p>\n<h3>Akademische Ausbildung<\/h3>\n<p>1992: Doktor Juris \u2013 Universit\u00e4t Wien<br \/>\n1992\/1993: Postgraduate Studium an der University of Exeter (England) &#8211; Europa- und Wirtschaftsrecht<br \/>\n1994: Master in European Legal Studies (LL.M.) \u2013 University of Exeter (England)<\/p>\n<h3>Beruflicher Werdegang<\/h3>\n<p>1989-1991: Assistent am Institut f\u00fcr Zivilrecht der Universit\u00e4t Wien (Univ. Prof. Dr. Welser)<br \/>\nBerater bei der Gr\u00fcndung des renommierten und weltweit t\u00e4tigen internationalen Netzwerks TAGLaw, ab 1999 mehrj\u00e4hrige T\u00e4tigkeit als Mitglied des dortigen Beirats.<br \/>\n<span style=\"color: #000000;\">1996 -12. 2015:<\/span> Re<span style=\"color: #000000;\">chtsan<\/span>walt und gesch\u00e4ftsf\u00fchrender Gesellschafter bei Preslmayr Rechtsanw\u00e4lte OG<br \/>\nSeit 1.1.2016 Rechtsanwalt und gesch\u00e4ftsf\u00fchrender Gesellschafter von preslmayr.legal Rechtsanw\u00e4lte GmbH<\/p>\n<h3>Publikationen<\/h3>\n<p>Handbuch der Produkthaftung, 2. Auflage (Lexis Nexis 2002)<br \/>\nZahlreiche Beitr\u00e4ge in juristischen Fachzeitschriften und B\u00fcchern.<br \/>\nSch\u00f6pfer und Verfasser der Kolumne \u201e\u00a7-Wissen\u201c in der Tageszeitung Der Standard<br \/>\n[ut_one_half]<\/p>\n<h3>Mitgliedschaften<\/h3>\n<p>Austrian Arbitration Association (ArbAut)<br \/>\nICC &#8211; International Chamber of Commerce<br \/>\nInternational Bar Association (IBA)<br \/>\nVereinigung \u00d6sterreichischer StrafverteidigerInnen<br \/>\n<span style=\"color: #000000;\"><a style=\"color: #000000;\" href=\"https:\/\/www.lawpact.org\">Boardmember @ Lawpact<\/a><\/span><br \/>\n<span style=\"color: #000000;\"><a style=\"color: #000000;\" href=\"https:\/\/www.altajuris.com\">ALTA JURIS<\/a><\/span><br \/>\n<span style=\"color: #000000;\"><a style=\"color: #000000;\" href=\"https:\/\/www.rakwien.at\">Rechtsanwaltskammer Wien<\/a><\/span><\/p>\n<h3>Spezialgebiete<\/h3>\n<p>Strafrecht<br \/>\nWirtschaftsstrafrecht<br \/>\nSchiedsgerichtsverfahren<br \/>\nScheidung und Obsorge, Familienrecht, Erbrecht<br \/>\nProzessf\u00fchrung, Zivilprozessrecht<br \/>\nPrivatstiftungen und Privatverm\u00f6gen<br \/>\nGesellschaftsrecht<br \/>\nMergers &amp; Acquisitions (Unternehmensk\u00e4ufe und Unternehmens\u00fcbernahmen)<br \/>\nVertragsrecht national und international<br \/>\nSchadenersatzrecht, Produkthaftung<br \/>\nArbeitsrecht<br \/>\nImmobilienrecht<br \/>\nRechtliches Projektmanagement<br \/>\nKunstrecht<br \/>\nK\u00fcnstlervertr\u00e4ge<br \/>\n[\/ut_one_half]<br \/>\n[ut_one_half_last]<\/p>\n<h3>Kanzlei Portfolio<\/h3>\n<p>Anlagenrecht<br \/>\nArbeitsrecht<br \/>\nBankrecht<br \/>\nDatenschutz<br \/>\nEnergierecht<br \/>\nErbrecht<br \/>\nFamilienrecht<br \/>\nFinanzierungen<br \/>\nFranchising<br \/>\nGesellschaftsrecht<br \/>\nGewerberecht und Betriebsanlagenrecht<br \/>\nHandelsvertreterrecht<br \/>\nImmaterialg\u00fcterrecht<br \/>\nImmobilienrecht, Liegenschaftsrecht, Bauvertragsrecht<br \/>\nIT und E-Commerce<br \/>\nKartellrecht, Marktmissbrauch, Fusionskontrolle<br \/>\nKunstrecht<br \/>\nK\u00fcnstlervertr\u00e4ge<br \/>\nMarkenrecht<br \/>\nMergers &amp; Acquisitions, Transaktionen, Unternehmensk\u00e4ufe<br \/>\nMietrecht und Wohnrecht<br \/>\nPrivate Equity und Venture Capital<br \/>\nPrivatstiftungen und Privatverm\u00f6gen<br \/>\nProdukthaftungsrecht und Produktsicherheit<br \/>\nProzessf\u00fchrung, Gerichtsverfahren und Schiedsgerichtsbarkeit<br \/>\nRechtliches Projektmanagement<br \/>\nSchadenersatzrecht<br \/>\nScheidungsrecht und Obsorgerecht<br \/>\nSteuerrecht<br \/>\nStrafrecht<br \/>\nWirtschaftsstrafrecht<br \/>\n[\/ut_one_half_last]<\/p>\n<header class=\"parallax-header parallax-header-index pt-style-1\">\n<h2 class=\"parallax-title\">Profil<\/h2>\n<\/header>\n<p style=\"text-align: center;\"><a href=\"https:\/\/preslmayr.legal\/?page_id=42\"><img loading=\"lazy\" decoding=\"async\" class=\"aligncenter wp-image-801\" src=\"https:\/\/preslmayr.legal\/wp-content\/uploads\/profil-word-cloud-preslmayr_de-1024x284.png\" alt=\"\" width=\"851\" height=\"236\" srcset=\"http:\/\/staging.preslmayr.legal\/wp-content\/uploads\/profil-word-cloud-preslmayr_de-1024x284.png 1024w, http:\/\/staging.preslmayr.legal\/wp-content\/uploads\/profil-word-cloud-preslmayr_de-730x202.png 730w, http:\/\/staging.preslmayr.legal\/wp-content\/uploads\/profil-word-cloud-preslmayr_de-1110x308.png 1110w, http:\/\/staging.preslmayr.legal\/wp-content\/uploads\/profil-word-cloud-preslmayr_de-768x213.png 768w, http:\/\/staging.preslmayr.legal\/wp-content\/uploads\/profil-word-cloud-preslmayr_de-1536x426.png 1536w, http:\/\/staging.preslmayr.legal\/wp-content\/uploads\/profil-word-cloud-preslmayr_de-300x83.png 300w, http:\/\/staging.preslmayr.legal\/wp-content\/uploads\/profil-word-cloud-preslmayr_de.png 1728w\" sizes=\"(max-width: 851px) 100vw, 851px\" \/><\/a><\/p>\n<p style=\"text-align: center;\"><a href=\"https:\/\/preslmayr.legal\/?page_id=42\">\u00bb WEITERE KOMPETENZEN<\/a><\/p>\n<p>[news_boxes]<\/p>\n","protected":false},"excerpt":{"rendered":"<p>Dr. Martin Preslmayr LL.M. Rechtsanwalt und Gr\u00fcnder der preslmayr.legal Rechtsanw\u00e4lte GmbH mp@preslmayr.legal Akademische Ausbildung 1992: Doktor Juris \u2013 Universit\u00e4t Wien 1992\/1993: Postgraduate Studium an der University of Exeter (England) &#8211; Europa- und Wirtschaftsrecht 1994: Master in European Legal Studies (LL.M.) \u2013 University of Exeter (England) Beruflicher Werdegang 1989-1991: Assistent am Institut f\u00fcr Zivilrecht der Universit\u00e4t [&hellip;]<\/p>\n","protected":false},"author":1,"featured_media":0,"parent":0,"menu_order":0,"comment_status":"closed","ping_status":"closed","template":"","meta":{"_acf_changed":false,"footnotes":""},"class_list":["post-2237","page","type-page","status-publish","hentry"],"acf":[],"yoast_head":"<!-- This site is optimized with the Yoast SEO plugin v23.4 - https:\/\/yoast.com\/wordpress\/plugins\/seo\/ -->\n<title>Dr. Martin Preslmayr | preslmayr.legal | Rechtsanwalt Dr. Martin Preslmayr<\/title>\n<meta name=\"robots\" content=\"noindex, follow, max-snippet:-1, max-image-preview:large, max-video-preview:-1\" \/>\n<meta property=\"og:locale\" content=\"fr_FR\" \/>\n<meta property=\"og:type\" content=\"article\" \/>\n<meta property=\"og:title\" content=\"Dr. Martin Preslmayr | preslmayr.legal | Rechtsanwalt Dr. Martin Preslmayr\" \/>\n<meta property=\"og:description\" content=\"Den echten Preslmayr finden Sie ab sofort in der preslmayr.legal Rechtsanw\u00e4lte GmbH.\" \/>\n<meta property=\"og:url\" content=\"http:\/\/staging.preslmayr.legal\/fr\/dr-martin-preslmayr\/\" \/>\n<meta property=\"og:site_name\" content=\"preslmayr.legal | Rechtsanwalt Dr. Martin Preslmayr\" \/>\n<meta property=\"article:publisher\" content=\"https:\/\/www.facebook.com\/preslmayr.legal\" \/>\n<meta property=\"article:modified_time\" content=\"2023-03-16T20:14:48+00:00\" \/>\n<meta property=\"og:image\" content=\"https:\/\/preslmayr.legal\/wp-content\/uploads\/profil-word-cloud-preslmayr_de-1024x284.png\" \/>\n<meta name=\"twitter:card\" content=\"summary_large_image\" \/>\n<meta name=\"twitter:site\" content=\"@Preslmayrlegal\" \/>\n<meta name=\"twitter:label1\" content=\"Dur\u00e9e de lecture estim\u00e9e\" \/>\n\t<meta name=\"twitter:data1\" content=\"2 minutes\" \/>\n<script type=\"application\/ld+json\" class=\"yoast-schema-graph\">{\"@context\":\"https:\/\/schema.org\",\"@graph\":[{\"@type\":\"WebPage\",\"@id\":\"http:\/\/staging.preslmayr.legal\/fr\/dr-martin-preslmayr\/\",\"url\":\"http:\/\/staging.preslmayr.legal\/fr\/dr-martin-preslmayr\/\",\"name\":\"Dr. Martin Preslmayr | preslmayr.legal | Rechtsanwalt Dr. Martin Preslmayr\",\"isPartOf\":{\"@id\":\"http:\/\/staging.preslmayr.legal\/fr\/#website\"},\"primaryImageOfPage\":{\"@id\":\"http:\/\/staging.preslmayr.legal\/fr\/dr-martin-preslmayr\/#primaryimage\"},\"image\":{\"@id\":\"http:\/\/staging.preslmayr.legal\/fr\/dr-martin-preslmayr\/#primaryimage\"},\"thumbnailUrl\":\"https:\/\/preslmayr.legal\/wp-content\/uploads\/profil-word-cloud-preslmayr_de-1024x284.png\",\"datePublished\":\"2019-11-09T08:55:18+00:00\",\"dateModified\":\"2023-03-16T20:14:48+00:00\",\"description\":\"Den echten Preslmayr finden Sie ab sofort in der preslmayr.legal Rechtsanw\u00e4lte GmbH.\",\"breadcrumb\":{\"@id\":\"http:\/\/staging.preslmayr.legal\/fr\/dr-martin-preslmayr\/#breadcrumb\"},\"inLanguage\":\"fr-FR\",\"potentialAction\":[{\"@type\":\"ReadAction\",\"target\":[\"http:\/\/staging.preslmayr.legal\/fr\/dr-martin-preslmayr\/\"]}]},{\"@type\":\"ImageObject\",\"inLanguage\":\"fr-FR\",\"@id\":\"http:\/\/staging.preslmayr.legal\/fr\/dr-martin-preslmayr\/#primaryimage\",\"url\":\"https:\/\/preslmayr.legal\/wp-content\/uploads\/profil-word-cloud-preslmayr_de-1024x284.png\",\"contentUrl\":\"https:\/\/preslmayr.legal\/wp-content\/uploads\/profil-word-cloud-preslmayr_de-1024x284.png\"},{\"@type\":\"BreadcrumbList\",\"@id\":\"http:\/\/staging.preslmayr.legal\/fr\/dr-martin-preslmayr\/#breadcrumb\",\"itemListElement\":[{\"@type\":\"ListItem\",\"position\":1,\"name\":\"Home\",\"item\":\"http:\/\/staging.preslmayr.legal\/fr\/\"},{\"@type\":\"ListItem\",\"position\":2,\"name\":\"Dr. Martin Preslmayr\"}]},{\"@type\":\"WebSite\",\"@id\":\"http:\/\/staging.preslmayr.legal\/fr\/#website\",\"url\":\"http:\/\/staging.preslmayr.legal\/fr\/\",\"name\":\"preslmayr.legal | Rechtsanwalt Dr. Martin Preslmayr\",\"description\":\"Den echten Preslmayr finden Sie ab sofort in der preslmayr.legal Rechtsanw\u00e4lte GmbH.\",\"publisher\":{\"@id\":\"http:\/\/staging.preslmayr.legal\/fr\/#organization\"},\"potentialAction\":[{\"@type\":\"SearchAction\",\"target\":{\"@type\":\"EntryPoint\",\"urlTemplate\":\"http:\/\/staging.preslmayr.legal\/fr\/?s={search_term_string}\"},\"query-input\":{\"@type\":\"PropertyValueSpecification\",\"valueRequired\":true,\"valueName\":\"search_term_string\"}}],\"inLanguage\":\"fr-FR\"},{\"@type\":\"Organization\",\"@id\":\"http:\/\/staging.preslmayr.legal\/fr\/#organization\",\"name\":\"preslmayr.legal | Rechtsanwalt Dr. Martin Preslmayr\",\"url\":\"http:\/\/staging.preslmayr.legal\/fr\/\",\"logo\":{\"@type\":\"ImageObject\",\"inLanguage\":\"fr-FR\",\"@id\":\"http:\/\/staging.preslmayr.legal\/fr\/#\/schema\/logo\/image\/\",\"url\":\"http:\/\/staging.preslmayr.legal\/wp-content\/uploads\/ec7bcdbd.address-preslmayr.png\",\"contentUrl\":\"http:\/\/staging.preslmayr.legal\/wp-content\/uploads\/ec7bcdbd.address-preslmayr.png\",\"width\":303,\"height\":33,\"caption\":\"preslmayr.legal | Rechtsanwalt Dr. Martin Preslmayr\"},\"image\":{\"@id\":\"http:\/\/staging.preslmayr.legal\/fr\/#\/schema\/logo\/image\/\"},\"sameAs\":[\"https:\/\/www.facebook.com\/preslmayr.legal\",\"https:\/\/x.com\/Preslmayrlegal\",\"https:\/\/www.linkedin.com\/in\/dr-martin-preslmayr-ll-m-a584a1b\/\",\"https:\/\/www.xing.com\/profile\/Martin_PreslmayrLLM\",\"https:\/\/www.instagram.com\/preslmayr.legal\/\",\"https:\/\/www.youtube.com\/channel\/UCGAQkXxsy7eY_FXSOtapzgg\"]}]}<\/script>\n<!-- \/ Yoast SEO plugin. -->","yoast_head_json":{"title":"Dr. Martin Preslmayr | preslmayr.legal | Rechtsanwalt Dr. Martin Preslmayr","robots":{"index":"noindex","follow":"follow","max-snippet":"max-snippet:-1","max-image-preview":"max-image-preview:large","max-video-preview":"max-video-preview:-1"},"og_locale":"fr_FR","og_type":"article","og_title":"Dr. Martin Preslmayr | preslmayr.legal | Rechtsanwalt Dr. Martin Preslmayr","og_description":"Den echten Preslmayr finden Sie ab sofort in der preslmayr.legal Rechtsanw\u00e4lte GmbH.","og_url":"http:\/\/staging.preslmayr.legal\/fr\/dr-martin-preslmayr\/","og_site_name":"preslmayr.legal | Rechtsanwalt Dr. Martin Preslmayr","article_publisher":"https:\/\/www.facebook.com\/preslmayr.legal","article_modified_time":"2023-03-16T20:14:48+00:00","og_image":[{"url":"https:\/\/preslmayr.legal\/wp-content\/uploads\/profil-word-cloud-preslmayr_de-1024x284.png"}],"twitter_card":"summary_large_image","twitter_site":"@Preslmayrlegal","twitter_misc":{"Dur\u00e9e de lecture estim\u00e9e":"2 minutes"},"schema":{"@context":"https:\/\/schema.org","@graph":[{"@type":"WebPage","@id":"http:\/\/staging.preslmayr.legal\/fr\/dr-martin-preslmayr\/","url":"http:\/\/staging.preslmayr.legal\/fr\/dr-martin-preslmayr\/","name":"Dr. Martin Preslmayr | preslmayr.legal | Rechtsanwalt Dr. Martin Preslmayr","isPartOf":{"@id":"http:\/\/staging.preslmayr.legal\/fr\/#website"},"primaryImageOfPage":{"@id":"http:\/\/staging.preslmayr.legal\/fr\/dr-martin-preslmayr\/#primaryimage"},"image":{"@id":"http:\/\/staging.preslmayr.legal\/fr\/dr-martin-preslmayr\/#primaryimage"},"thumbnailUrl":"https:\/\/preslmayr.legal\/wp-content\/uploads\/profil-word-cloud-preslmayr_de-1024x284.png","datePublished":"2019-11-09T08:55:18+00:00","dateModified":"2023-03-16T20:14:48+00:00","description":"Den echten Preslmayr finden Sie ab sofort in der preslmayr.legal Rechtsanw\u00e4lte GmbH.","breadcrumb":{"@id":"http:\/\/staging.preslmayr.legal\/fr\/dr-martin-preslmayr\/#breadcrumb"},"inLanguage":"fr-FR","potentialAction":[{"@type":"ReadAction","target":["http:\/\/staging.preslmayr.legal\/fr\/dr-martin-preslmayr\/"]}]},{"@type":"ImageObject","inLanguage":"fr-FR","@id":"http:\/\/staging.preslmayr.legal\/fr\/dr-martin-preslmayr\/#primaryimage","url":"https:\/\/preslmayr.legal\/wp-content\/uploads\/profil-word-cloud-preslmayr_de-1024x284.png","contentUrl":"https:\/\/preslmayr.legal\/wp-content\/uploads\/profil-word-cloud-preslmayr_de-1024x284.png"},{"@type":"BreadcrumbList","@id":"http:\/\/staging.preslmayr.legal\/fr\/dr-martin-preslmayr\/#breadcrumb","itemListElement":[{"@type":"ListItem","position":1,"name":"Home","item":"http:\/\/staging.preslmayr.legal\/fr\/"},{"@type":"ListItem","position":2,"name":"Dr. Martin Preslmayr"}]},{"@type":"WebSite","@id":"http:\/\/staging.preslmayr.legal\/fr\/#website","url":"http:\/\/staging.preslmayr.legal\/fr\/","name":"preslmayr.legal | Rechtsanwalt Dr. Martin Preslmayr","description":"Den echten Preslmayr finden Sie ab sofort in der preslmayr.legal Rechtsanw\u00e4lte GmbH.","publisher":{"@id":"http:\/\/staging.preslmayr.legal\/fr\/#organization"},"potentialAction":[{"@type":"SearchAction","target":{"@type":"EntryPoint","urlTemplate":"http:\/\/staging.preslmayr.legal\/fr\/?s={search_term_string}"},"query-input":{"@type":"PropertyValueSpecification","valueRequired":true,"valueName":"search_term_string"}}],"inLanguage":"fr-FR"},{"@type":"Organization","@id":"http:\/\/staging.preslmayr.legal\/fr\/#organization","name":"preslmayr.legal | Rechtsanwalt Dr. Martin Preslmayr","url":"http:\/\/staging.preslmayr.legal\/fr\/","logo":{"@type":"ImageObject","inLanguage":"fr-FR","@id":"http:\/\/staging.preslmayr.legal\/fr\/#\/schema\/logo\/image\/","url":"http:\/\/staging.preslmayr.legal\/wp-content\/uploads\/ec7bcdbd.address-preslmayr.png","contentUrl":"http:\/\/staging.preslmayr.legal\/wp-content\/uploads\/ec7bcdbd.address-preslmayr.png","width":303,"height":33,"caption":"preslmayr.legal | Rechtsanwalt Dr. Martin Preslmayr"},"image":{"@id":"http:\/\/staging.preslmayr.legal\/fr\/#\/schema\/logo\/image\/"},"sameAs":["https:\/\/www.facebook.com\/preslmayr.legal","https:\/\/x.com\/Preslmayrlegal","https:\/\/www.linkedin.com\/in\/dr-martin-preslmayr-ll-m-a584a1b\/","https:\/\/www.xing.com\/profile\/Martin_PreslmayrLLM","https:\/\/www.instagram.com\/preslmayr.legal\/","https:\/\/www.youtube.com\/channel\/UCGAQkXxsy7eY_FXSOtapzgg"]}]}},"_links":{"self":[{"href":"http:\/\/staging.preslmayr.legal\/fr\/wp-json\/wp\/v2\/pages\/2237"}],"collection":[{"href":"http:\/\/staging.preslmayr.legal\/fr\/wp-json\/wp\/v2\/pages"}],"about":[{"href":"http:\/\/staging.preslmayr.legal\/fr\/wp-json\/wp\/v2\/types\/page"}],"author":[{"embeddable":true,"href":"http:\/\/staging.preslmayr.legal\/fr\/wp-json\/wp\/v2\/users\/1"}],"replies":[{"embeddable":true,"href":"http:\/\/staging.preslmayr.legal\/fr\/wp-json\/wp\/v2\/comments?post=2237"}],"version-history":[{"count":1,"href":"http:\/\/staging.preslmayr.legal\/fr\/wp-json\/wp\/v2\/pages\/2237\/revisions"}],"predecessor-version":[{"id":2239,"href":"http:\/\/staging.preslmayr.legal\/fr\/wp-json\/wp\/v2\/pages\/2237\/revisions\/2239"}],"wp:attachment":[{"href":"http:\/\/staging.preslmayr.legal\/fr\/wp-json\/wp\/v2\/media?parent=2237"}],"curies":[{"name":"wp","href":"https:\/\/api.w.org\/{rel}","templated":true}]}}