{"id":2356,"date":"2015-12-18T14:35:46","date_gmt":"2015-12-18T13:35:46","guid":{"rendered":"http:\/\/staging.preslmayr.legal\/datenschutzerklaerung\/"},"modified":"2023-03-22T20:49:57","modified_gmt":"2023-03-22T19:49:57","slug":"declaration-de-protection-de-donnees","status":"publish","type":"page","link":"http:\/\/staging.preslmayr.legal\/fr\/declaration-de-protection-de-donnees\/","title":{"rendered":"d\u00e9claration de protection de donn\u00e9es"},"content":{"rendered":"<p><strong>Datenschutz<\/strong><\/p>\n<p>Wir von preslmayr.legal nehmen den Schutz Ihrer pers\u00f6nlichen Daten sehr ernst. Wir behandeln Ihre personenbezogenen Daten vertraulich und entsprechend der gesetzlichen Datenschutzvorschriften sowie dieser Datenschutzerkl\u00e4rung.<\/p>\n<p><strong>Personenbezogene Daten<\/strong><\/p>\n<p>Wir, die preslmayr.legal Rechtsanw\u00e4lte GmbH, erheben, verarbeiten und nutzen Ihre personenbezogenen Daten nur mit Ihrer Einwilligung bzw. Mandatierung oder Bestellung zu den mit Ihnen vereinbarten Zwecken oder wenn eine sonstige rechtliche Grundlage im Einklang mit der DSGVO vorliegt; dies unter Einhaltung der datenschutz- und zivilrechtlichen Bestimmungen.<\/p>\n<p>Es werden nur solche personenbezogenen Daten erhoben, die f\u00fcr die Durchf\u00fchrung und Abwicklung unserer rechtsanwaltlichen Leistungen erforderlich sind oder die Sie uns freiwillig zur Verf\u00fcgung gestellt haben.<\/p>\n<p>Personenbezogene Daten sind alle Daten, die Einzelangaben \u00fcber pers\u00f6nliche oder sachliche Verh\u00e4ltnisse enthalten, beispielsweise Name, Anschrift, Emailadresse, Telefonnummer, Geburtsdatum, Alter, Geschlecht, Sozialversicherungsnummer, Videoaufzeichnungen, Fotos, Stimmaufnahmen von Personen sowie biometrische Daten wie etwa Fingerabdr\u00fccke. Auch sensible Daten, wie Gesundheitsdaten oder Daten im Zusammenhang mit einem Strafverfahren k\u00f6nnen mitumfasst sein.<\/p>\n<p>Wir weisen darauf hin, dass die Daten\u00fcbertragung im Internet (z.B. bei der Kommunikation per E-Mail) Sicherheitsl\u00fccken aufweisen kann. Ein l\u00fcckenloser Schutz der Daten vor dem Zugriff durch Dritte ist nicht m\u00f6glich.<\/p>\n<p><strong>Auskunft, L\u00f6schung und Sperrung<\/strong><\/p>\n<p>Als Mandantin oder Mandant bzw generell als Betroffener haben Sie \u2013 unter Wahrung der rechtsanwaltlichen Verschwiegenheitspflicht \u2013 jederzeit das Recht auf Auskunft \u00fcber Ihre gespeicherten personenbezogenen Daten, deren Herkunft und Empf\u00e4nger und den Zweck der Datenverarbeitung sowie ein Recht auf Berichtigung, Daten\u00fcbertragung, Widerspruch, Einschr\u00e4nkung der Bearbeitung sowie Sperrung oder L\u00f6schung unrichtiger bzw. unzul\u00e4ssig verarbeiteter Daten.<\/p>\n<p>Insoweit sich \u00c4nderungen Ihrer pers\u00f6nlichen Daten ergeben, ersuchen wir um entsprechende Mitteilung.<\/p>\n<p>Sie haben jederzeit das Recht, eine erteilte Einwilligung zur Nutzung Ihrer personenbezogenen Daten zu widerrufen. Ihre Eingabe auf Auskunft, L\u00f6schung, Berichtigung, Widerspruch und\/oder Daten\u00fcbertragung, im letztgenannten Fall, sofern damit nicht ein unverh\u00e4ltnism\u00e4\u00dfiger Aufwand verursacht wird, kann an die Anschrift unserer Rechtsanwaltskanzlei gerichtet werden.<\/p>\n<p><strong>Datensicherheit<\/strong><\/p>\n<p>Der Schutz Ihrer personenbezogenen Daten erfolgt durch entsprechende organisatorische und technische Vorkehrungen. Diese Vorkehrungen betreffen insbesondere den Schutz vor unerlaubtem, rechtswidrigem oder auch zuf\u00e4lligem Zugriff, Verarbeitung, Verlust, Verwendung und Manipulation.<\/p>\n<p>Ungeachtet der Bem\u00fchungen der Einhaltung eines stets angemessen hohen Standes der Sorgfaltsanforderungen kann nicht ausgeschlossen werden, dass Informationen, die Sie uns \u00fcber das Internet bekannt geben, von anderen Personen eingesehen und genutzt werden.<\/p>\n<p>Bitte beachten Sie, dass wir daher keine wie immer geartete Haftung f\u00fcr die Offenlegung von Informationen aufgrund nicht von uns verursachter Fehler bei der Daten\u00fcbertragung und\/oder unautorisiertem Zugriff durch Dritte \u00fcbernehmen (zB Hackangriff auf Email-Account bzw. Telefon, Abfangen von Faxen).<\/p>\n<p><strong>Verwendung der Daten<\/strong><\/p>\n<p><strong>\u00a0<\/strong>Wir werden die uns zur Verf\u00fcgung gestellten Daten nicht f\u00fcr andere Zwecke als die durch den Mandatsvertrag oder durch Ihre Einwilligung oder sonst durch eine Bestimmung im Einklang mit der DSGVO gedeckten Zwecken verarbeiten. Ausgenommen hiervon ist die Nutzung f\u00fcr statistische Zwecke, sofern die zur Verf\u00fcgung gestellten Daten anonymisiert wurden.<\/p>\n<p><strong>\u00dcbermittlung von Daten an Dritte <\/strong><\/p>\n<p>Zur Erf\u00fcllung Ihres Auftrages ist es m\u00f6glicherweise auch erforderlich, Ihre Daten an Dritte (zB Gegenseite, Substitute, Versicherungen, Dienstleister, derer wir uns bedienen und denen wir Daten zur Verf\u00fcgung stellen, etc.) Gerichte oder Beh\u00f6rden, weiterzuleiten. Eine Weiterleitung Ihrer Daten erfolgt ausschlie\u00dflich auf Grundlage der DSGVO, insb zur Erf\u00fcllung Ihres Auftrags oder aufgrund Ihrer vorherigen Einwilligung.<\/p>\n<p>Weiters informieren wir Sie dar\u00fcber, dass im Rahmen unserer rechtsanwaltlichen Vertretung und Betreuung regelm\u00e4\u00dfig auch sachverhalts- und fallbezogene Informationen von Ihnen von dritten Stellen bezogen werden.<\/p>\n<p>Manche der oben genannten Empf\u00e4nger Ihrer personenbezogenen Daten befinden sich au\u00dferhalb Ihres Landes oder verarbeiten dort Ihre personenbezogenen Daten. Das Datenschutzniveau in anderen L\u00e4ndern entspricht unter Umst\u00e4nden nicht dem \u00d6sterreichs. Wir \u00fcbermitteln Ihre personenbezogenen Daten jedoch nur in L\u00e4nder, f\u00fcr welche die EU-Kommission entschieden hat, dass sie \u00fcber ein angemessenes Datenschutzniveau verf\u00fcgen oder wir setzen Ma\u00dfnahmen, um zu gew\u00e4hrleisten, dass alle Empf\u00e4nger ein angemessenes Datenschutzniveau haben wozu wir Standardvertragsklauseln (2010\/87\/EC und\/oder 2004\/915\/EC) abschlie\u00dfen.<\/p>\n<p><strong>Bekanntgabe von Datenpannen<\/strong><\/p>\n<p>Wir sind bem\u00fcht sicherzustellen, dass Datenpannen fr\u00fchzeitig erkannt und gegebenenfalls unverz\u00fcglich Ihnen bzw der zust\u00e4ndigen Aufsichtsbeh\u00f6rde unter Einbezug der jeweiligen Datenkategorien, die betroffen sind, gemeldet werden.<\/p>\n<p><strong>Aufbewahrung der Daten<\/strong><\/p>\n<p>Wir werden Daten nicht l\u00e4nger aufbewahren als dies zur Erf\u00fcllung unserer vertraglichen bzw gesetzlichen Verpflichtungen und zur Abwehr allf\u00e4lliger Haftungsanspr\u00fcche erforderlich ist.<\/p>\n<p><strong>Datenschutzerkl\u00e4rung f\u00fcr die Nutzung von Google Analytics<\/strong><\/p>\n<p>Diese Website nutzt Funktionen des\u00a0 Webanalysedienstes Google Analytics. Anbieter ist die Google Inc. 1600 Amphitheatre Parkway Mountain View, CA 94043, USA. Google Analytics verwendet sog. \u00ab\u00a0Cookies\u00a0\u00bb. Das sind Textdateien, die auf Ihrem Computer gespeichert werden und die eine Analyse der Benutzung der Website durch Sie erm\u00f6glichen. Die durch den Cookie erzeugten Informationen \u00fcber Ihre Benutzung dieser Website werden in der Regel an einen Server von Google in den USA \u00fcbertragen und dort gespeichert.<\/p>\n<p>Im Falle der Aktivierung der IP-Anonymisierung auf dieser Webseite wird Ihre IP-Adresse von Google jedoch innerhalb von Mitgliedstaaten der Europ\u00e4ischen Union oder in anderen Vertragsstaaten des Abkommens \u00fcber den Europ\u00e4ischen Wirtschaftsraum zuvor gek\u00fcrzt. Nur in Ausnahmef\u00e4llen wird die volle IP-Adresse an einen Server von Google in den USA \u00fcbertragen und dort gek\u00fcrzt. Im Auftrag des Betreibers dieser Website wird Google diese Informationen benutzen, um Ihre Nutzung der Website auszuwerten, um Reports \u00fcber die Websiteaktivit\u00e4ten zusammenzustellen und um weitere mit der Websitenutzung und der Internetnutzung verbundene Dienstleistungen gegen\u00fcber dem Websitebetreiber zu erbringen. Die im Rahmen von Google Analytics von Ihrem Browser \u00fcbermittelte IP-Adresse wird nicht mit anderen Daten von Google zusammengef\u00fchrt.<\/p>\n<p>Sie k\u00f6nnen die Speicherung der Cookies durch eine entsprechende Einstellung Ihrer Browser-Software verhindern; wir weisen Sie jedoch darauf hin, dass Sie in diesem Fall gegebenenfalls nicht s\u00e4mtliche Funktionen dieser Website vollumf\u00e4nglich werden nutzen k\u00f6nnen. Sie k\u00f6nnen dar\u00fcber hinaus die Erfassung der durch das Cookie erzeugten und auf Ihre Nutzung der Website bezogenen Daten (inkl. Ihrer IP-Adresse) an Google sowie die Verarbeitung dieser Daten durch Google verhindern, indem sie das unter dem folgenden Link verf\u00fcgbare Browser-Plugin herunterladen und installieren: <a href=\"http:\/\/tools.google.com\/dlpage\/gaoptout?hl=de\">http:\/\/tools.google.com\/dlpage\/gaoptout?hl=de<\/a><\/p>\n<p><strong>Server-Log-Files<\/strong><\/p>\n<p>Zur Optimierung dieser Website in Bezug auf die System-Performance, Benutzerfreundlichkeit und Bereitstellung von n\u00fctzlichen Informationen \u00fcber unsere Dienstleistungen erhebt und speichert der Provider der Website automatisch Informationen in so genannten Server-Log Files, die Ihr Browser automatisch an uns \u00fcbermittelt. Davon umfasst sind Ihre Internet-Protokoll Adresse (IP-Adresse), Browser und Spracheinstellung, Betriebssystem, Referrer URL, Ihr Internet Service Provider und Datum\/Uhrzeit.<\/p>\n<p>Eine Zusammenf\u00fchrung dieser Daten mit personenbezogenen Datenquellen wird nicht vorgenommen. Wir behalten uns vor, diese Daten nachtr\u00e4glich zu pr\u00fcfen, wenn uns konkrete Anhaltspunkte f\u00fcr eine rechtswidrige Nutzung bekannt werden.<\/p>\n<p>&nbsp;<\/p>\n<p><strong>Cookies<\/strong><\/p>\n<p>Unsere Website verwendet \u201eCookies\u201c, um unser Angebot nutzerfreundlicher, effektiver und sicherer zu gestalten.\u00a0Ein \u201eCookie\u201c ist eine kleine Textdatei, die wir \u00fcber unseren Web-Server an die Cookie-Datei des Browsers auf die Festplatte Ihres Computers \u00fcbermitteln. Damit wird es unserer Website erm\u00f6glicht, Sie als Nutzer wiederzuerkennen, wenn eine Verbindung zwischen unserem Web-Server und Ihrem Browser hergestellt wird. Cookies helfen uns dabei, die Nutzungsh\u00e4ufigkeit und die Anzahl der Nutzer unserer Internetseiten zu ermitteln. Der Inhalt der von uns verwendeten Cookies beschr\u00e4nkt sich auf eine Identifikationsnummer, die keine Personenbeziehbarkeit mehr auf den Nutzer zul\u00e4sst. Der Hauptzweck eines Cookies ist die Erkennung der Besucher der Website.<\/p>\n<p>Zwei Arten von Cookies werden auf dieser Website verwendet:<\/p>\n<p>Session Cookies: Das sind tempor\u00e4re Cookies, die bis zum Verlassen unserer Website in der Cookie-Datei Ihres Browsers verweilen und nach Ende Ihres Besuchs automatisch gel\u00f6scht werden.<\/p>\n<p>Dauerhafte Cookies: F\u00fcr eine bessere Benutzerfreundlichkeit bleiben Cookies auf Ihrem Endger\u00e4t gespeichert und erlauben es uns, Ihren Browser beim n\u00e4chsten Besuch wiederzuerkennen.<\/p>\n<p>Sie k\u00f6nnen Ihren Browser so einstellen, dass Sie \u00fcber das Setzen von Cookies informiert werden und Cookies nur im Einzelfall erlauben, die Annahme von Cookies f\u00fcr bestimmte F\u00e4lle oder generell ausschlie\u00dfen sowie das automatische L\u00f6schen der Cookies beim Schlie\u00dfen des Browsers aktivieren. Bei der Deaktivierung von Cookies kann die Funktionalit\u00e4t dieser Website eingeschr\u00e4nkt sein.<\/p>\n<p>&nbsp;<\/p>\n<p><strong>Kontaktformular<\/strong><\/p>\n<p>Wenn Sie uns per Kontaktformular Anfragen zukommen lassen, werden Ihre Angaben aus dem Anfrageformular inklusive der von Ihnen dort angegebenen Kontaktdaten zwecks Bearbeitung der Anfrage und f\u00fcr den Fall von Anschlussfragen nur nach Klicken des K\u00e4stchens bei uns gespeichert. Diese Daten geben wir nicht ohne Ihre Einwilligung weiter.<\/p>\n<p>&nbsp;<\/p>\n<p><strong>Widerspruch Werbe-Mails<\/strong><\/p>\n<p>Der Nutzung von im Rahmen der Impressumspflicht ver\u00f6ffentlichten Kontaktdaten zur \u00dcbersendung von nicht ausdr\u00fccklich angeforderter Werbung und Informationsmaterialien wird hiermit widersprochen. Die Betreiber der Seiten behalten sich ausdr\u00fccklich rechtliche Schritte im Falle der unverlangten Zusendung von Werbeinformationen, etwa durch Spam-E-Mails, vor.<\/p>\n<p>&nbsp;<\/p>\n<p><strong>Newsletterdaten<\/strong><\/p>\n<p>Wenn Sie den auf der Webseite angebotenen Newsletter beziehen m\u00f6chten, ben\u00f6tigen wir von Ihnen eine E-Mail-Adresse sowie Informationen, welche uns die \u00dcberpr\u00fcfung gestatten, dass Sie der Inhaber der angegebenen E-Mail-Adresse sind und mit dem Empfang des Newsletters einverstanden sind. Weitere Daten werden nicht erhoben. Diese Daten verwenden wir ausschlie\u00dflich f\u00fcr den Versand der angeforderten Informationen und geben sie nicht an Dritte weiter.<\/p>\n<p>Die erteilte Einwilligung zur Speicherung der Daten, der E-Mail-Adresse sowie deren Nutzung zum Versand des Newsletters k\u00f6nnen Sie jederzeit widerrufen , etwa \u00fcber den \u201eAustragen\u201c-Link im Newsletter.<\/p>\n<p><strong>Unsere Kontaktdaten<\/strong><\/p>\n<p>Der Schutz Ihrer Daten ist uns besonders wichtig. Wir sind f\u00fcr Sie unter den unten angef\u00fchrten Kontaktdaten jederzeit f\u00fcr Ihre Fragen oder Ihren Widerruf erreichbar.<\/p>\n<p>preslmayr.legal Rechtsanw\u00e4lte GmbH<\/p>\n<p>Rotenturmstrasse 16-18, 2. Stiege, 7. OG<\/p>\n<p>1010 Wien<\/p>\n<p>+43\/1\/3431111<\/p>\n<p>reception@preslmayr.legal<\/p>\n","protected":false},"excerpt":{"rendered":"<p>Datenschutz Wir von preslmayr.legal nehmen den Schutz Ihrer pers\u00f6nlichen Daten sehr ernst. Wir behandeln Ihre personenbezogenen Daten vertraulich und entsprechend der gesetzlichen Datenschutzvorschriften sowie dieser Datenschutzerkl\u00e4rung. Personenbezogene Daten Wir, die preslmayr.legal Rechtsanw\u00e4lte GmbH, erheben, verarbeiten und nutzen Ihre personenbezogenen Daten nur mit Ihrer Einwilligung bzw. Mandatierung oder Bestellung zu den mit Ihnen vereinbarten Zwecken oder [&hellip;]<\/p>\n","protected":false},"author":1,"featured_media":0,"parent":0,"menu_order":0,"comment_status":"closed","ping_status":"closed","template":"","meta":{"_acf_changed":false,"footnotes":""},"class_list":["post-2356","page","type-page","status-publish","hentry"],"acf":[],"yoast_head":"<!-- This site is optimized with the Yoast SEO plugin v23.4 - https:\/\/yoast.com\/wordpress\/plugins\/seo\/ -->\n<title>d\u00e9claration de protection de donn\u00e9es | preslmayr.legal | Rechtsanwalt Dr. Martin Preslmayr<\/title>\n<meta name=\"robots\" content=\"noindex, follow, max-snippet:-1, max-image-preview:large, max-video-preview:-1\" \/>\n<meta property=\"og:locale\" content=\"fr_FR\" \/>\n<meta property=\"og:type\" content=\"article\" \/>\n<meta property=\"og:title\" content=\"d\u00e9claration de protection de donn\u00e9es | preslmayr.legal | Rechtsanwalt Dr. Martin Preslmayr\" \/>\n<meta property=\"og:description\" content=\"Den echten Preslmayr finden Sie ab sofort in der preslmayr.legal Rechtsanw\u00e4lte GmbH.\" \/>\n<meta property=\"og:url\" content=\"http:\/\/staging.preslmayr.legal\/fr\/declaration-de-protection-de-donnees\/\" \/>\n<meta property=\"og:site_name\" content=\"preslmayr.legal | Rechtsanwalt Dr. Martin Preslmayr\" \/>\n<meta property=\"article:publisher\" content=\"https:\/\/www.facebook.com\/preslmayr.legal\" \/>\n<meta property=\"article:modified_time\" content=\"2023-03-22T19:49:57+00:00\" \/>\n<meta name=\"twitter:card\" content=\"summary_large_image\" \/>\n<meta name=\"twitter:site\" content=\"@Preslmayrlegal\" \/>\n<meta name=\"twitter:label1\" content=\"Dur\u00e9e de lecture estim\u00e9e\" \/>\n\t<meta name=\"twitter:data1\" content=\"9 minutes\" \/>\n<script type=\"application\/ld+json\" class=\"yoast-schema-graph\">{\"@context\":\"https:\/\/schema.org\",\"@graph\":[{\"@type\":\"WebPage\",\"@id\":\"http:\/\/staging.preslmayr.legal\/fr\/declaration-de-protection-de-donnees\/\",\"url\":\"http:\/\/staging.preslmayr.legal\/fr\/declaration-de-protection-de-donnees\/\",\"name\":\"d\u00e9claration de protection de donn\u00e9es | preslmayr.legal | Rechtsanwalt Dr. Martin Preslmayr\",\"isPartOf\":{\"@id\":\"http:\/\/staging.preslmayr.legal\/fr\/#website\"},\"datePublished\":\"2015-12-18T13:35:46+00:00\",\"dateModified\":\"2023-03-22T19:49:57+00:00\",\"description\":\"Den echten Preslmayr finden Sie ab sofort in der preslmayr.legal Rechtsanw\u00e4lte GmbH.\",\"breadcrumb\":{\"@id\":\"http:\/\/staging.preslmayr.legal\/fr\/declaration-de-protection-de-donnees\/#breadcrumb\"},\"inLanguage\":\"fr-FR\",\"potentialAction\":[{\"@type\":\"ReadAction\",\"target\":[\"http:\/\/staging.preslmayr.legal\/fr\/declaration-de-protection-de-donnees\/\"]}]},{\"@type\":\"BreadcrumbList\",\"@id\":\"http:\/\/staging.preslmayr.legal\/fr\/declaration-de-protection-de-donnees\/#breadcrumb\",\"itemListElement\":[{\"@type\":\"ListItem\",\"position\":1,\"name\":\"Home\",\"item\":\"http:\/\/staging.preslmayr.legal\/fr\/\"},{\"@type\":\"ListItem\",\"position\":2,\"name\":\"d\u00e9claration de protection de donn\u00e9es\"}]},{\"@type\":\"WebSite\",\"@id\":\"http:\/\/staging.preslmayr.legal\/fr\/#website\",\"url\":\"http:\/\/staging.preslmayr.legal\/fr\/\",\"name\":\"preslmayr.legal | Rechtsanwalt Dr. Martin Preslmayr\",\"description\":\"Den echten Preslmayr finden Sie ab sofort in der preslmayr.legal Rechtsanw\u00e4lte GmbH.\",\"publisher\":{\"@id\":\"http:\/\/staging.preslmayr.legal\/fr\/#organization\"},\"potentialAction\":[{\"@type\":\"SearchAction\",\"target\":{\"@type\":\"EntryPoint\",\"urlTemplate\":\"http:\/\/staging.preslmayr.legal\/fr\/?s={search_term_string}\"},\"query-input\":{\"@type\":\"PropertyValueSpecification\",\"valueRequired\":true,\"valueName\":\"search_term_string\"}}],\"inLanguage\":\"fr-FR\"},{\"@type\":\"Organization\",\"@id\":\"http:\/\/staging.preslmayr.legal\/fr\/#organization\",\"name\":\"preslmayr.legal | Rechtsanwalt Dr. Martin Preslmayr\",\"url\":\"http:\/\/staging.preslmayr.legal\/fr\/\",\"logo\":{\"@type\":\"ImageObject\",\"inLanguage\":\"fr-FR\",\"@id\":\"http:\/\/staging.preslmayr.legal\/fr\/#\/schema\/logo\/image\/\",\"url\":\"http:\/\/staging.preslmayr.legal\/wp-content\/uploads\/ec7bcdbd.address-preslmayr.png\",\"contentUrl\":\"http:\/\/staging.preslmayr.legal\/wp-content\/uploads\/ec7bcdbd.address-preslmayr.png\",\"width\":303,\"height\":33,\"caption\":\"preslmayr.legal | Rechtsanwalt Dr. Martin Preslmayr\"},\"image\":{\"@id\":\"http:\/\/staging.preslmayr.legal\/fr\/#\/schema\/logo\/image\/\"},\"sameAs\":[\"https:\/\/www.facebook.com\/preslmayr.legal\",\"https:\/\/x.com\/Preslmayrlegal\",\"https:\/\/www.linkedin.com\/in\/dr-martin-preslmayr-ll-m-a584a1b\/\",\"https:\/\/www.xing.com\/profile\/Martin_PreslmayrLLM\",\"https:\/\/www.instagram.com\/preslmayr.legal\/\",\"https:\/\/www.youtube.com\/channel\/UCGAQkXxsy7eY_FXSOtapzgg\"]}]}<\/script>\n<!-- \/ Yoast SEO plugin. -->","yoast_head_json":{"title":"d\u00e9claration de protection de donn\u00e9es | preslmayr.legal | Rechtsanwalt Dr. Martin Preslmayr","robots":{"index":"noindex","follow":"follow","max-snippet":"max-snippet:-1","max-image-preview":"max-image-preview:large","max-video-preview":"max-video-preview:-1"},"og_locale":"fr_FR","og_type":"article","og_title":"d\u00e9claration de protection de donn\u00e9es | preslmayr.legal | Rechtsanwalt Dr. Martin Preslmayr","og_description":"Den echten Preslmayr finden Sie ab sofort in der preslmayr.legal Rechtsanw\u00e4lte GmbH.","og_url":"http:\/\/staging.preslmayr.legal\/fr\/declaration-de-protection-de-donnees\/","og_site_name":"preslmayr.legal | Rechtsanwalt Dr. Martin Preslmayr","article_publisher":"https:\/\/www.facebook.com\/preslmayr.legal","article_modified_time":"2023-03-22T19:49:57+00:00","twitter_card":"summary_large_image","twitter_site":"@Preslmayrlegal","twitter_misc":{"Dur\u00e9e de lecture estim\u00e9e":"9 minutes"},"schema":{"@context":"https:\/\/schema.org","@graph":[{"@type":"WebPage","@id":"http:\/\/staging.preslmayr.legal\/fr\/declaration-de-protection-de-donnees\/","url":"http:\/\/staging.preslmayr.legal\/fr\/declaration-de-protection-de-donnees\/","name":"d\u00e9claration de protection de donn\u00e9es | preslmayr.legal | Rechtsanwalt Dr. Martin Preslmayr","isPartOf":{"@id":"http:\/\/staging.preslmayr.legal\/fr\/#website"},"datePublished":"2015-12-18T13:35:46+00:00","dateModified":"2023-03-22T19:49:57+00:00","description":"Den echten Preslmayr finden Sie ab sofort in der preslmayr.legal Rechtsanw\u00e4lte GmbH.","breadcrumb":{"@id":"http:\/\/staging.preslmayr.legal\/fr\/declaration-de-protection-de-donnees\/#breadcrumb"},"inLanguage":"fr-FR","potentialAction":[{"@type":"ReadAction","target":["http:\/\/staging.preslmayr.legal\/fr\/declaration-de-protection-de-donnees\/"]}]},{"@type":"BreadcrumbList","@id":"http:\/\/staging.preslmayr.legal\/fr\/declaration-de-protection-de-donnees\/#breadcrumb","itemListElement":[{"@type":"ListItem","position":1,"name":"Home","item":"http:\/\/staging.preslmayr.legal\/fr\/"},{"@type":"ListItem","position":2,"name":"d\u00e9claration de protection de donn\u00e9es"}]},{"@type":"WebSite","@id":"http:\/\/staging.preslmayr.legal\/fr\/#website","url":"http:\/\/staging.preslmayr.legal\/fr\/","name":"preslmayr.legal | Rechtsanwalt Dr. Martin Preslmayr","description":"Den echten Preslmayr finden Sie ab sofort in der preslmayr.legal Rechtsanw\u00e4lte GmbH.","publisher":{"@id":"http:\/\/staging.preslmayr.legal\/fr\/#organization"},"potentialAction":[{"@type":"SearchAction","target":{"@type":"EntryPoint","urlTemplate":"http:\/\/staging.preslmayr.legal\/fr\/?s={search_term_string}"},"query-input":{"@type":"PropertyValueSpecification","valueRequired":true,"valueName":"search_term_string"}}],"inLanguage":"fr-FR"},{"@type":"Organization","@id":"http:\/\/staging.preslmayr.legal\/fr\/#organization","name":"preslmayr.legal | Rechtsanwalt Dr. Martin Preslmayr","url":"http:\/\/staging.preslmayr.legal\/fr\/","logo":{"@type":"ImageObject","inLanguage":"fr-FR","@id":"http:\/\/staging.preslmayr.legal\/fr\/#\/schema\/logo\/image\/","url":"http:\/\/staging.preslmayr.legal\/wp-content\/uploads\/ec7bcdbd.address-preslmayr.png","contentUrl":"http:\/\/staging.preslmayr.legal\/wp-content\/uploads\/ec7bcdbd.address-preslmayr.png","width":303,"height":33,"caption":"preslmayr.legal | Rechtsanwalt Dr. Martin Preslmayr"},"image":{"@id":"http:\/\/staging.preslmayr.legal\/fr\/#\/schema\/logo\/image\/"},"sameAs":["https:\/\/www.facebook.com\/preslmayr.legal","https:\/\/x.com\/Preslmayrlegal","https:\/\/www.linkedin.com\/in\/dr-martin-preslmayr-ll-m-a584a1b\/","https:\/\/www.xing.com\/profile\/Martin_PreslmayrLLM","https:\/\/www.instagram.com\/preslmayr.legal\/","https:\/\/www.youtube.com\/channel\/UCGAQkXxsy7eY_FXSOtapzgg"]}]}},"_links":{"self":[{"href":"http:\/\/staging.preslmayr.legal\/fr\/wp-json\/wp\/v2\/pages\/2356"}],"collection":[{"href":"http:\/\/staging.preslmayr.legal\/fr\/wp-json\/wp\/v2\/pages"}],"about":[{"href":"http:\/\/staging.preslmayr.legal\/fr\/wp-json\/wp\/v2\/types\/page"}],"author":[{"embeddable":true,"href":"http:\/\/staging.preslmayr.legal\/fr\/wp-json\/wp\/v2\/users\/1"}],"replies":[{"embeddable":true,"href":"http:\/\/staging.preslmayr.legal\/fr\/wp-json\/wp\/v2\/comments?post=2356"}],"version-history":[{"count":1,"href":"http:\/\/staging.preslmayr.legal\/fr\/wp-json\/wp\/v2\/pages\/2356\/revisions"}],"predecessor-version":[{"id":2358,"href":"http:\/\/staging.preslmayr.legal\/fr\/wp-json\/wp\/v2\/pages\/2356\/revisions\/2358"}],"wp:attachment":[{"href":"http:\/\/staging.preslmayr.legal\/fr\/wp-json\/wp\/v2\/media?parent=2356"}],"curies":[{"name":"wp","href":"https:\/\/api.w.org\/{rel}","templated":true}]}}